{"id":997,"date":"2020-09-23T10:19:14","date_gmt":"2020-09-23T10:19:14","guid":{"rendered":"https:\/\/sauzero.com\/?post_type=product&#038;p=997"},"modified":"2023-03-29T13:34:14","modified_gmt":"2023-03-29T13:34:14","slug":"sauce-mexican-saveur","status":"publish","type":"product","link":"https:\/\/sauzero.com\/fr\/product\/sauce-mexican-saveur\/","title":{"rendered":"Mexican"},"content":{"rendered":"<h2>Qu&rsquo;est-ce que Sauzero Mexican saveur ?<\/h2>\n<p><strong><a href=\"https:\/\/sauzero.com\/fr\/#Products\">Sauzero<\/a> sauce mexican saveur<\/strong>\u00a0est une sauce d\u00e9licieuse, sans sucres ajout\u00e9s et particuli\u00e8rement peu calorique. Il est fabriqu\u00e9 \u00e0 partir\u00a0<strong>d&rsquo;extraits d&rsquo;\u00e9pices naturelles, de tomates, de poivrons rouges, d&rsquo;oignons et de sucralose.<\/strong>\u00a0Toute l&rsquo;essence et le m\u00e9lange de l&rsquo;authentique saveur mexicaine.<\/p>\n<p>La ligne de sauces\u00a0<strong>Sauzero<\/strong>\u00a0a \u00e9t\u00e9 con\u00e7ue avec un objectif principal:\u00a0<strong>cr\u00e9er vos sauces pr\u00e9f\u00e9r\u00e9es, dans les saveurs les plus classiques et les plus innovantes, sans sucres ni graisses<\/strong>, afin qu&rsquo;elles puissent \u00eatre appr\u00e9ci\u00e9es en accompagnement de tous les types de r\u00e9gimes. Il s&rsquo;agit d&rsquo;une option imbattable pour tous ceux qui souhaitent am\u00e9liorer leurs habitudes sans devoir renoncer aux saveurs les plus intenses de leurs sauces pr\u00e9f\u00e9r\u00e9es.<\/p>\n<p><strong>Le sauzero au go\u00fbt mexicain permet de rompre la monotonie des aliments di\u00e9t\u00e9tiques. Il convient \u00e0 tous les types d&rsquo;objectifs,<\/strong>\u00a0<strong>de la perte de graisse \u00e0 l&rsquo;am\u00e9lioration des habitudes ou au maintien d&rsquo;un mode de vie sain.<\/strong><\/p>\n<p><strong>Sauzero en saveur mexicaine<\/strong>\u00a0vous permet d&rsquo;ajouter une saveur suppl\u00e9mentaire,\u00a0<strong>sans<\/strong>\u00a0<strong>ajouter de calories suppl\u00e9mentaires<\/strong>. Il est id\u00e9al pour pr\u00e9parer des plats tels que des fajitas, des wraps, des tacos ou des burritos ajust\u00e9s.<\/p>\n<h2>Quels sont les avantages des Sauzero Sauce Mexican saveur?<\/h2>\n<ul>\n<li>D\u00e9licieuse saveur mexicaine.<\/li>\n<li><strong>Faible en calories. Seulement 5kcal par portion.<\/strong><\/li>\n<li>Convient \u00e0 tous les types de r\u00e9gimes alimentaires.<\/li>\n<li>Sans sucres ajout\u00e9s.<\/li>\n<li>\u00c9dulcor\u00e9 avec du sucralose.<\/li>\n<li><strong>Sans graisse. 0% sans graisse.<\/strong><\/li>\n<li>Non OGM.<\/li>\n<li>Convient aux v\u00e9g\u00e9taliens.<\/li>\n<\/ul>\n<h2>Comment prendre?<\/h2>\n<p>Ajoutez 1 portion de la sauce (20 grammes) \u00e0 vos plats pr\u00e9f\u00e9r\u00e9s. Profitez de la saveur mexicaine sans ajouter de calories suppl\u00e9mentaires.<\/p>\n<p><strong>Instructions de stockage<\/strong>: Conserver dans un endroit frais et sec. Une fois ouvert, conserver au r\u00e9frig\u00e9rateur et consommer dans le mois qui suit.<\/p>\n","protected":false},"excerpt":{"rendered":"<p>Sauce id\u00e9ale pour les viandes. Sauce \u00e0 faible teneur en calories<\/p>\n<p><strong>Ingr\u00e9dients:<\/strong> Eau, tomate, poivron rouge, oignon, amidon de ma\u00efs modifi\u00e9, \u00e9pices, sel, stabilisants (E401, E415), conservateur : sorbate de potassium, acidifiant: acide lactique, extrait naturel d&rsquo;\u00e9pices et \u00e9dulcorant : sucralose.<\/p>\n<p><strong>TYPE ET CARACT\u00c9RISTIQUES DE L&rsquo;EMBALLAGE ET DU CONDITIONNEMENT<\/strong><\/p>\n<p>Nom : R\u00e9cipient en plastique 300<br \/>\n&#8211; Contenu net : 310 ml<br \/>\n&#8211; Dimensions du r\u00e9cipient : Hauteur : 155 mm Largeur : 53 mm Longueur : 64 mm<br \/>\n&#8211; Mat\u00e9riau : R\u00e9cipient en PP transparent.<br \/>\n&#8211; Bouchon \u00e0 vis. Diam\u00e8tre du bouchon : 55mm.<br \/>\nFermeture : Film \u00e0 induction.<br \/>\n3 canaux d&#8217;emballage en carton et film \u00e9tirable transparent.<\/p>\n<p><strong>CARACT\u00c9RISTIQUES<\/strong><\/p>\n<p>pH : inf\u00e9rieur \u00e0 4,4<\/p>\n","protected":false},"featured_media":1502,"template":"","meta":[],"_links":{"self":[{"href":"https:\/\/sauzero.com\/fr\/wp-json\/wp\/v2\/product\/997"}],"collection":[{"href":"https:\/\/sauzero.com\/fr\/wp-json\/wp\/v2\/product"}],"about":[{"href":"https:\/\/sauzero.com\/fr\/wp-json\/wp\/v2\/types\/product"}],"wp:featuredmedia":[{"embeddable":true,"href":"https:\/\/sauzero.com\/fr\/wp-json\/wp\/v2\/media\/1502"}],"wp:attachment":[{"href":"https:\/\/sauzero.com\/fr\/wp-json\/wp\/v2\/media?parent=997"}],"curies":[{"name":"wp","href":"https:\/\/api.w.org\/{rel}","templated":true}]}}