{"id":990,"date":"2020-09-23T10:17:15","date_gmt":"2020-09-23T10:17:15","guid":{"rendered":"https:\/\/sauzero.com\/?post_type=product&#038;p=990"},"modified":"2023-03-31T13:10:12","modified_gmt":"2023-03-31T13:10:12","slug":"ketchup-curry","status":"publish","type":"product","link":"https:\/\/sauzero.com\/fr\/product\/ketchup-curry\/","title":{"rendered":"Ketchup curry"},"content":{"rendered":"<h2>Qu&rsquo;est-ce que le Sauzero Curry Ketchup ?<\/h2>\n<p><strong><a href=\"https:\/\/sauzero.com\/fr\/#Products\">Sauzero<\/a> Curry Ketchup<\/strong>\u00a0est une sauce d\u00e9licieuse, sans sucres ajout\u00e9s et particuli\u00e8rement peu calorique.\u00a0<strong>Il est compos\u00e9 de tomate, de sucralose et de curry, une \u00e9pice qui ajoute une l\u00e9g\u00e8re touche piquante.<\/strong>\u00a0Il est id\u00e9al pour accompagner des plats tels que la viande, le poulet ou les pommes de terre.<\/p>\n<p><strong>Sauzero<\/strong>\u00a0est la nouvelle ligne de sauces dans sa version Z\u00e9ro. Il a \u00e9t\u00e9 con\u00e7u avec un objectif principal: cr\u00e9e<strong>r vos sauces pr\u00e9f\u00e9r\u00e9es, dans les saveurs les plus classiques et les plus innovantes, sans sucres ni graisses<\/strong>, afin qu&rsquo;elles puissent \u00eatre appr\u00e9ci\u00e9es en accompagnement de tous types de r\u00e9gimes.<\/p>\n<p><strong>Sauzero au go\u00fbt curry avec ketchup<\/strong>\u00a0a \u00e9t\u00e9 fabriqu\u00e9 avec des\u00a0<strong>ingr\u00e9dients de premi\u00e8re qualit\u00e9.<\/strong>\u00a0Faible en calories et sans gluten. Sa saveur est le r\u00e9sultat d&rsquo;un m\u00e9lange d&rsquo;\u00e9pices asiatiques. Id\u00e9al pour les amateurs de saveurs exotiques.<\/p>\n<p>Il s&rsquo;agit d&rsquo;une option imbattable pour tous ceux qui souhaitent am\u00e9liorer leurs habitudes sans devoir renoncer aux saveurs les plus intenses de leurs sauces pr\u00e9f\u00e9r\u00e9es. Il convient \u00e0 toutes sortes d&rsquo;objectifs, de la perte de graisse \u00e0 l&rsquo;am\u00e9lioration des habitudes, en passant par le maintien d&rsquo;un mode de vie sain.<\/p>\n<h2>Quels sont les avantages de Sauzero Curry avec Ketchup ?<\/h2>\n<ul>\n<li>D\u00e9licieuse saveur de ketchup en combinaison avec le curry.<\/li>\n<li><strong>Moins de 5kcal par portion.<\/strong><\/li>\n<li>Id\u00e9al pour tous les types de r\u00e9gimes.<\/li>\n<li><strong>Sans sucres ajout\u00e9s et sans graisse.<\/strong><\/li>\n<li>\u00c9dulcor\u00e9 avec du sucralose.<\/li>\n<li>100% v\u00e9g\u00e9talien.<\/li>\n<\/ul>\n<h2>Comment prendre le Sauzero ?<\/h2>\n<p>Ajoutez 1 portion de la sauce (20 grammes) \u00e0 vos plats pr\u00e9f\u00e9r\u00e9s. Profitez du go\u00fbt du ketchup au curry sans ajouter de calories suppl\u00e9mentaires.<\/p>\n<p><strong>Instructions de stockage:<\/strong><\/p>\n<p>Conserver dans un endroit frais et sec. Une fois ouvert, conservez au r\u00e9frig\u00e9rateur et consommez dans un d\u00e9lai d&rsquo;un mois.<\/p>\n","protected":false},"excerpt":{"rendered":"<p>Sauce id\u00e9ale pour les viandes. Sauce \u00e0 faible teneur en calories<\/p>\n<p><strong>Ingr\u00e9dients<\/strong> : Tomate, eau, vinaigre d&rsquo;alcool, amidon de ma\u00efs modifi\u00e9, sel, 1,4% de curry, stabilisants (gomme de guar, gomme de xanthane), oignon, \u00e9pices, conservateur (benzoate de sodium), colorant (ol\u00e9or\u00e9sine de paprika) et \u00e9dulcorant (sucralose).<\/p>\n<p><strong>TYPE ET CARACT\u00c9RISTIQUES DE L&rsquo;EMBALLAGE<\/strong><\/p>\n<p>Nom : R\u00e9cipient en plastique 300<br \/>\n&#8211; Contenu net : 310 ml<br \/>\n&#8211; Dimensions du r\u00e9cipient : Hauteur : 155 mm Largeur : 53 mm Longueur : 64 mm<br \/>\n&#8211; Mat\u00e9riau : R\u00e9cipient en PP transparent.<br \/>\n&#8211; Bouchon \u00e0 vis. Diam\u00e8tre du bouchon : 55mm.<br \/>\nFermeture : Film \u00e0 induction.<br \/>\n3 canaux d&#8217;emballage en carton et film \u00e9tirable transparent.<\/p>\n<p><strong>CARACT\u00c9RISTIQUES<\/strong><\/p>\n<p>pH : inf\u00e9rieur \u00e0 4,4<\/p>\n","protected":false},"featured_media":1506,"template":"","meta":[],"_links":{"self":[{"href":"https:\/\/sauzero.com\/fr\/wp-json\/wp\/v2\/product\/990"}],"collection":[{"href":"https:\/\/sauzero.com\/fr\/wp-json\/wp\/v2\/product"}],"about":[{"href":"https:\/\/sauzero.com\/fr\/wp-json\/wp\/v2\/types\/product"}],"wp:featuredmedia":[{"embeddable":true,"href":"https:\/\/sauzero.com\/fr\/wp-json\/wp\/v2\/media\/1506"}],"wp:attachment":[{"href":"https:\/\/sauzero.com\/fr\/wp-json\/wp\/v2\/media?parent=990"}],"curies":[{"name":"wp","href":"https:\/\/api.w.org\/{rel}","templated":true}]}}