{"id":986,"date":"2020-09-23T10:13:31","date_gmt":"2020-09-23T10:13:31","guid":{"rendered":"https:\/\/sauzero.com\/?post_type=product&#038;p=986"},"modified":"2023-03-31T13:09:10","modified_gmt":"2023-03-31T13:09:10","slug":"saveur-barbecue","status":"publish","type":"product","link":"https:\/\/sauzero.com\/fr\/product\/saveur-barbecue\/","title":{"rendered":"Barbecue"},"content":{"rendered":"<h2>Qu&rsquo;est-ce que Sauzero saveur Barbecue ?<\/h2>\n<p><strong>Sauzero au saveur barbecue<\/strong>\u00a0est une sauce d\u00e9licieuse sans sucres ajout\u00e9s et particuli\u00e8rement peu calorique. Il\u00a0<strong>est compos\u00e9 d&rsquo;extrait d&rsquo;\u00e9pices naturelles, de tomate et de sucralose<\/strong>. Elle a le go\u00fbt, la couleur et la texture de la meilleure sauce barbecue.<\/p>\n<p>La\u00a0<strong>ligne de sauces Sauzero\u00a0<\/strong>a \u00e9t\u00e9 con\u00e7ue avec un objectif principal<strong>: cr\u00e9er vos sauces pr\u00e9f\u00e9r\u00e9es, dans les saveurs les plus classiques et innovantes, sans sucres ni graisses,<\/strong>\u00a0afin qu&rsquo;elles puissent \u00eatre appr\u00e9ci\u00e9es en accompagnement de tous les types de r\u00e9gimes. Il s&rsquo;agit d&rsquo;une option imbattable pour tous ceux qui souhaitent am\u00e9liorer leurs habitudes sans devoir renoncer aux saveurs les plus intenses de leurs sauces pr\u00e9f\u00e9r\u00e9es.<\/p>\n<p><strong>Sauzero en saveur Barbecue<\/strong>\u00a0aide \u00e0 rompre la monotonie des aliments de r\u00e9gime. Il convient \u00e0 tous les types d&rsquo;objectifs, de\u00a0<strong>la perte de graisse \u00e0 l&rsquo;am\u00e9lioration des habitudes ou au maintien d&rsquo;un mode de vie sain.<\/strong><\/p>\n<p>Sauzero au go\u00fbt barbecue vous permet d&rsquo;ajouter du go\u00fbt sans ajouter de calories. Il est id\u00e9al pour la pr\u00e9paration de viandes telles que les c\u00f4tes, le b\u0153uf ou le poulet. Convient aux v\u00e9g\u00e9taliens.<\/p>\n<h2>Quels sont les avantages?<\/h2>\n<ul>\n<li>D\u00e9licieuse saveur de barbecue.<\/li>\n<li>Couleur et texture comme la meilleure sauce barbecue.<\/li>\n<li><strong>Faible en calories. Seulement 5kcal par portion.<\/strong><\/li>\n<li>Convient \u00e0 tous les types de r\u00e9gimes alimentaires.<\/li>\n<li>Sans sucres ajout\u00e9s.<\/li>\n<li>\u00c9dulcor\u00e9 avec du sucralose.<\/li>\n<li><strong>Sans graisse. 0% graisse.<\/strong><\/li>\n<li>Sans gluten.<\/li>\n<\/ul>\n<h2>Comment prendre?<\/h2>\n<p>Ajoutez 1 portion de la sauce (20 grammes) \u00e0 vos plats pr\u00e9f\u00e9r\u00e9s. Profitez de sa saveur barbecue sans ajouter de calories suppl\u00e9mentaires.<\/p>\n<p><strong>Instructions de stockage<\/strong>: Conserver dans un endroit frais et sec. Une fois ouvert, conservez au r\u00e9frig\u00e9rateur et consommez dans un d\u00e9lai d&rsquo;un moi<\/p>\n","protected":false},"excerpt":{"rendered":"<p>Sauce id\u00e9ale pour les viandes. Sauce \u00e0 faible teneur en calories<\/p>\n<p>Ingr\u00e9dients : Tomate, eau, vinaigre d&rsquo;alcool, amidon de ma\u00efs modifi\u00e9, sel, colorant : caramel (contient des sulfites), \u00e9pices, stabilisant (alginate de sodium, gomme xanthane), ar\u00f4mes, conservateur : benzoate de sodium, \u00e9dulcorant : sucralose.<\/p>\n<p><strong>TYPE ET CARACT\u00c9RISTIQUES DE L&rsquo;EMBALLAGE<\/strong><\/p>\n<p>Nom : R\u00e9cipient en plastique 300<br \/>\n&#8211; Contenu net : 310 ml<br \/>\n&#8211; Dimensions du r\u00e9cipient : Hauteur : 155 mm Largeur : 53 mm Longueur : 64 mm<br \/>\n&#8211; Mat\u00e9riau : R\u00e9cipient en PP transparent.<br \/>\n&#8211; Bouchon \u00e0 vis. Diam\u00e8tre du bouchon : 55mm.<br \/>\nFermeture : Film \u00e0 induction.<br \/>\n3 canaux d&#8217;emballage en carton et film \u00e9tirable transparent.<\/p>\n<p><strong>CARACT\u00c9RISTIQUES<\/strong><\/p>\n<p>pH : inf\u00e9rieur \u00e0 4,4<\/p>\n","protected":false},"featured_media":1508,"template":"","meta":[],"_links":{"self":[{"href":"https:\/\/sauzero.com\/fr\/wp-json\/wp\/v2\/product\/986"}],"collection":[{"href":"https:\/\/sauzero.com\/fr\/wp-json\/wp\/v2\/product"}],"about":[{"href":"https:\/\/sauzero.com\/fr\/wp-json\/wp\/v2\/types\/product"}],"wp:featuredmedia":[{"embeddable":true,"href":"https:\/\/sauzero.com\/fr\/wp-json\/wp\/v2\/media\/1508"}],"wp:attachment":[{"href":"https:\/\/sauzero.com\/fr\/wp-json\/wp\/v2\/media?parent=986"}],"curies":[{"name":"wp","href":"https:\/\/api.w.org\/{rel}","templated":true}]}}