{"id":508,"date":"2019-09-05T09:51:32","date_gmt":"2019-09-05T09:51:32","guid":{"rendered":"https:\/\/sauzero.com\/product\/sauzero-cesar-sauce\/"},"modified":"2023-03-31T12:50:11","modified_gmt":"2023-03-31T12:50:11","slug":"sauzero-cesar-sauce","status":"publish","type":"product","link":"https:\/\/sauzero.com\/fr\/product\/sauzero-cesar-sauce\/","title":{"rendered":"Cesar"},"content":{"rendered":"<h2>Qu&rsquo;est-ce que la saveur Sauzero Cesar ?<\/h2>\n<p><strong>La sauce <a href=\"https:\/\/sauzero.com\/fr\/#Products\">Sauzero<\/a> \u00e0 la saveur C\u00e9sar<\/strong> sauce est une d\u00e9licieuse sauce hypocalorique qui pr\u00e9sente la saveur traditionnelle \u00ab\u00a0C\u00e9sar\u00a0\u00bb, et des valeurs nutritionnelles sans \u00e9gal. L&rsquo;objectif principal de Sauzero est de s&rsquo;adapter \u00e0 tout type de r\u00e9gime et \u00e0 une alimentation saine. <strong>Sauzero sauce Cesar<\/strong> a \u00e9t\u00e9 fabriqu\u00e9 avec des ingr\u00e9dients 100 % naturels et sans sucre ajout\u00e9.<\/p>\n<p>La sauce <strong>Sauzero Cesar sauce<\/strong> vous permet d&rsquo;ajouter une touche d\u00e9licieuse \u00e0 vos salades pr\u00e9f\u00e9r\u00e9es, en brisant la monotonie de l&rsquo;alimentation et en obtenant une alimentation saine sans laisser de c\u00f4t\u00e9 vos saveurs pr\u00e9f\u00e9r\u00e9es. Il est \u00e9galement id\u00e9al pour pr\u00e9parer des wraps ou des pokes de votre choix.<\/p>\n<p><strong>Sauzero Cesar <\/strong> est une option imbattable pour tous ceux qui veulent am\u00e9liorer leurs habitudes et profiter de la meilleure saveur dans les salades ou les plats pr\u00e9f\u00e9r\u00e9s.<\/p>\n<h2>Quels sont les avantages de la saveur Sauzero Cesar ?<\/h2>\n<p>Dans la nouvelle gamme de <strong>sauces Sauzero<\/strong>, vous trouverez une grande vari\u00e9t\u00e9 d&rsquo;options, dans les saveurs les plus classiques et les plus innovantes, \u00e0 faible teneur en sucre et en graisse, qui s&rsquo;adaptent parfaitement \u00e0 votre alimentation, quelle que soit votre il faut suivre.<\/p>\n<ul>\n<li>D\u00e9licieuse saveur traditionnelle de sauce C\u00e9sar.<\/li>\n<li><strong>Faible en calories. Moins de 5 kcal par portion. <\/strong><\/li>\n<li>Convient \u00e0 tous les types de r\u00e9gimes.<\/li>\n<li>Sans sucre ajout\u00e9.<\/li>\n<li><strong>Il ne contient pas de gluten. <\/strong><\/li>\n<li>Faible teneur en mati\u00e8res grasses.<\/li>\n<\/ul>\n<h2>Comment prendre Sauzero sauce Cesar ?<\/h2>\n<p>Ajoutez 1 portion de sauce (environ 20 grammes) \u00e0 vos recettes ou plats pr\u00e9f\u00e9r\u00e9s.<\/p>\n<p><strong>Instructions de stockage : <\/strong> Conserver dans un endroit frais et sec. Une fois ouvert, \u00e0 conserver au frais et \u00e0 consommer dans le mois.<\/p>\n","protected":false},"excerpt":{"rendered":"<p>Sauce cuite, id\u00e9ale pour la vinaigrette.\u00a0Sauce \u00e0 faible teneur en calories<\/p>\n<p><strong>Ingr\u00e9dients<\/strong> : eau, vinaigre d&rsquo;alcool, amidon de ma\u00efs modifi\u00e9, sel, moutarde (grains de moutarde), stabilisateurs : gomme de guar, gomme de xanthane, jus de citron (antioxydant : m\u00e9tabisulfite de sodium), acidifiant : acide lactique, ail, sauce Worcester (eau, vinaigre de vin, vinaigre, sucre, assaisonnement [prot\u00e9ines v\u00e9g\u00e9tales hydrolys\u00e9es (soja)], extraits de prot\u00e9ines, extrait de levure, pur\u00e9e de tamarin, colorant (E-150c), jus de pomme concentr\u00e9), fromage Grana Padano, conservateur : benzoate de sodium, ar\u00f4mes, \u00e9pices, \u00e9dulcorant : sucralose.<\/p>\n<p><strong>TYPE ET CARACT\u00c9RISTIQUES DE L&rsquo;EMBALLAGE ET DU CONDITIONNEMENT<\/strong><\/p>\n<p>D\u00e9nomination : 300 Conteneur en plastique<br \/>\n&#8211; Net Content : 310 ml<br \/>\n&#8211; Dimensions de l&#8217;emballage : Hauteur : 155mm Largeur : 53mm Longueur 64mm<br \/>\n&#8211; Mat\u00e9riel : R\u00e9cipient en PP transparent.<br \/>\n&#8211; Bouchon \u00e0 vis. Diam\u00e8tre du capuchon : 55 mm.<br \/>\nFermeture : Feuille d&rsquo;induction<br \/>\nEmballage cartonn\u00e9 canal 3 et film \u00e9tirable transparent.<\/p>\n<p><strong>CARACT\u00c9RISTIQUES<\/strong><\/p>\n<p>pH : inf\u00e9rieur \u00e0 4,4<\/p>\n","protected":false},"featured_media":1550,"template":"","meta":[],"_links":{"self":[{"href":"https:\/\/sauzero.com\/fr\/wp-json\/wp\/v2\/product\/508"}],"collection":[{"href":"https:\/\/sauzero.com\/fr\/wp-json\/wp\/v2\/product"}],"about":[{"href":"https:\/\/sauzero.com\/fr\/wp-json\/wp\/v2\/types\/product"}],"wp:featuredmedia":[{"embeddable":true,"href":"https:\/\/sauzero.com\/fr\/wp-json\/wp\/v2\/media\/1550"}],"wp:attachment":[{"href":"https:\/\/sauzero.com\/fr\/wp-json\/wp\/v2\/media?parent=508"}],"curies":[{"name":"wp","href":"https:\/\/api.w.org\/{rel}","templated":true}]}}