{"id":505,"date":"2019-09-05T09:54:14","date_gmt":"2019-09-05T09:54:14","guid":{"rendered":"https:\/\/sauzero.com\/product\/yogurt\/"},"modified":"2023-03-31T12:52:26","modified_gmt":"2023-03-31T12:52:26","slug":"yaourt","status":"publish","type":"product","link":"https:\/\/sauzero.com\/fr\/product\/yaourt\/","title":{"rendered":"Yaourt"},"content":{"rendered":"<h2>Qu&rsquo;est-ce que la sauce au yaourt Sauzero ?<\/h2>\n<p><strong><a href=\"https:\/\/sauzero.com\/#Products\">Sauzero<\/a> au go\u00fbt de sauce au yaourt<\/strong> est une d\u00e9licieuse sauce faible en calories qui a <strong>une saveur de yogourt <\/strong>, et aussi, des valeurs nutritionnelles imbattables. L&rsquo;objectif principal de Sauzero est de s&rsquo;adapter \u00e0 tout type de r\u00e9gime et \u00e0 une alimentation saine. Il a \u00e9t\u00e9 fabriqu\u00e9 avec des ingr\u00e9dients 100% naturels et sans sucres ajout\u00e9s.<\/p>\n<p>La sauce <strong>Sauzero Yogurt <\/strong> vous permet d&rsquo;ajouter une touche diff\u00e9rente \u00e0 vos plats et pr\u00e9parations, en brisant la monotonie de l&rsquo;alimentation et en obtenant une alimentation saine. <strong>Sauzero <\/strong> <strong>Sauzero Yogurt <\/strong> est une option imbattable pour tous ceux qui souhaitent am\u00e9liorer leurs habitudes et leur alimentation.<\/p>\n<h2>Quels sont les avantages du yaourt Sauzero ?<\/h2>\n<p>Dans la gamme de sauces Sauzero, vous trouverez une grande vari\u00e9t\u00e9 d&rsquo;options, dans les <strong>saveurs les plus classiques et les plus innovantes<\/strong>, \u00e0 faible teneur en sucre et en mati\u00e8res grasses, qui s&rsquo;adaptent parfaitement \u00e0 votre alimentation et qui peuvent satisfaire tous les besoins de chacun pour chaque recette.<\/p>\n<ul>\n<li>D\u00e9licieuse saveur de yaourt.<\/li>\n<li><strong>Faible apport calorique. Moins de 5 kcal par portion. <\/strong><\/li>\n<li>Convient \u00e0 tous les types de r\u00e9gimes.<\/li>\n<li>Sans sucre ajout\u00e9.<\/li>\n<li><strong>Il ne contient pas de gluten. <\/strong><\/li>\n<li>Faible teneur en mati\u00e8res grasses.<\/li>\n<\/ul>\n<h2>Comment prendre le Sauzero ?<\/h2>\n<p>Ajoutez 1 portion de la sauce (20 grammes) \u00e0 vos salades ou recettes pr\u00e9f\u00e9r\u00e9es.<\/p>\n<p><strong>Instructions de stockage : <\/strong> Conserver dans un endroit frais et sec. Une fois ouvert, \u00e0 conserver au r\u00e9frig\u00e9rateur et \u00e0 consommer dans le mois.<\/p>\n","protected":false},"excerpt":{"rendered":"<p>Sauce cuite, id\u00e9ale pour la vinaigrette. Sauce peu calorique.<\/p>\n<p><strong>Ingr\u00e9dients<\/strong> : Eau, 10% de yaourt (lait partiellement \u00e9cr\u00e9m\u00e9, sucre, lactose, prot\u00e9ines de lait, ferments lactiques), vinaigre d&rsquo;alcool, amidon de ma\u00efs modifi\u00e9, sel, stabilisateurs (gomme de guar, gomme de xanthane), ar\u00f4me, acidifiant (acide lactique), conservateur (benzoate de sodium), aneth, \u00e9dulcorant (sucralose), colorant (dioxyde de titane).<\/p>\n<p><strong>TYPE ET CARACT\u00c9RISTIQUES DE L&rsquo;EMBALLAGE ET DU CONDITIONNEMENT<\/strong><\/p>\n<p>D\u00e9nomination : 300 Conteneur en plastique<br \/>\n&#8211; Net Content : 310 ml<br \/>\n&#8211; Dimensions de l&#8217;emballage : Hauteur : 155mm Largeur : 53mm Longueur 64mm<br \/>\n&#8211; Mat\u00e9riel : R\u00e9cipient en PP transparent.<br \/>\n&#8211; Bouchon \u00e0 vis. Diam\u00e8tre du capuchon : 55 mm.<br \/>\nFermeture : Feuille d&rsquo;induction<br \/>\nEmballage cartonn\u00e9 canal 3 et film \u00e9tirable transparent.<\/p>\n<p><strong>CARACT\u00c9RISTIQUES<\/strong><\/p>\n<p>pH : inf\u00e9rieur \u00e0 4,4<\/p>\n","protected":false},"featured_media":1541,"template":"","meta":[],"_links":{"self":[{"href":"https:\/\/sauzero.com\/fr\/wp-json\/wp\/v2\/product\/505"}],"collection":[{"href":"https:\/\/sauzero.com\/fr\/wp-json\/wp\/v2\/product"}],"about":[{"href":"https:\/\/sauzero.com\/fr\/wp-json\/wp\/v2\/types\/product"}],"wp:featuredmedia":[{"embeddable":true,"href":"https:\/\/sauzero.com\/fr\/wp-json\/wp\/v2\/media\/1541"}],"wp:attachment":[{"href":"https:\/\/sauzero.com\/fr\/wp-json\/wp\/v2\/media?parent=505"}],"curies":[{"name":"wp","href":"https:\/\/api.w.org\/{rel}","templated":true}]}}