{"id":504,"date":"2019-09-05T09:56:04","date_gmt":"2019-09-05T09:56:04","guid":{"rendered":"https:\/\/sauzero.com\/product\/mayo\/"},"modified":"2023-03-28T11:23:49","modified_gmt":"2023-03-28T11:23:49","slug":"mayonnaise","status":"publish","type":"product","link":"https:\/\/sauzero.com\/fr\/product\/mayonnaise\/","title":{"rendered":"Mayonnaise"},"content":{"rendered":"<h2>Qu&rsquo;est-ce que le Sauzero Mayonnaise ?<\/h2>\n<p><strong><a href=\"https:\/\/sauzero.com\/fr\/#Products\">Sauzero<\/a> au go\u00fbt Mayo<\/strong> est une sauce hypocalorique qui a la d\u00e9licieuse saveur traditionnelle de la mayonnaise, id\u00e9ale pour accompagner toutes sortes de viandes, poissons et l\u00e9gumes.<\/p>\n<p>La sauce <strong>Sauzero saveur Mayonnaise<\/strong> vous permet d&rsquo;ajouter une touche diff\u00e9rente \u00e0 vos plats et recettes pr\u00e9f\u00e9r\u00e9s, en brisant la monotonie de l&rsquo;alimentation et en obtenant une alimentation saine. Les ingr\u00e9dients s\u00e9lectionn\u00e9s pour fabriquer le Sauzero ont \u00e9t\u00e9 rigoureusement choisis, en respectant les normes de qualit\u00e9 les plus \u00e9lev\u00e9es. <strong>Sauzero au go\u00fbt Mayo ne contient pas de gluten.<\/strong><\/p>\n<p>La gamme de sauces <strong>Sauzero<\/strong> a \u00e9t\u00e9 con\u00e7ue avec un objectif principal : cr\u00e9er une gamme de sauces et de sirops, dans les saveurs les plus classiques et les plus innovantes, \u00e0 faible teneur en sucre et en mati\u00e8res grasses.&lt;\/ p&gt;<\/p>\n<p><strong>Sauzero Mayo<\/strong> est une option id\u00e9ale pour tous ceux qui cherchent \u00e0 am\u00e9liorer leurs habitudes, profiter du go\u00fbt de la mayonnaise, avec une quantit\u00e9 r\u00e9duite de calories.<\/p>\n<h2>Quels sont les avantages de Sauzero saveur Mayonnaise ?<\/h2>\n<ul>\n<li><strong>Faible en calories. Moins de 4 kcal par portion. <\/strong><\/li>\n<li>Convient \u00e0 tous les types de r\u00e9gimes.<\/li>\n<li>Sans sucre ajout\u00e9.<\/li>\n<li><strong>Faible teneur en mati\u00e8res grasses. 0,1 gramme par portion. <\/strong><\/li>\n<li>Sans gluten.<\/li>\n<\/ul>\n<h2>Comment prendre Sauzero Mayonnaise ?<\/h2>\n<p>Ajoutez 1 portion de sauce (20 grammes) \u00e0 vos plats pr\u00e9f\u00e9r\u00e9s. Profitez de sa saveur sans ajouter de calories suppl\u00e9mentaires.<\/p>\n<p><strong>Instructions de stockage : <\/strong>Conserver dans un endroit frais et sec. Une fois ouvert, \u00e0 conserver au r\u00e9frig\u00e9rateur et \u00e0 consommer dans le mois.<\/p>\n","protected":false},"excerpt":{"rendered":"<p>Sauce cuite, id\u00e9ale pour accompagner tout type de viande, de poisson et de l\u00e9gumes.\u00a0Sauce peu calorique.<\/p>\n<p><strong>Ingr\u00e9dients<\/strong> : Eau, amidon de ma\u00efs modifi\u00e9, vinaigre d&rsquo;alcool, sel, moutarde (graines de moutarde), conservateur (benzoate de sodium), jus de citron (antioxydant : m\u00e9tabisulfite de potassium), stabilisateurs (gomme de guar, gomme de xanthane), acidifiant (acide lactique), \u00e9pices, ar\u00f4mes, colorant (dioxyde de titane) et \u00e9dulcorant (sucralose).<\/p>\n<p><strong>TYPE ET CARACT\u00c9RISTIQUES DE L&rsquo;EMBALLAGE ET DU CONDITIONNEMENT<\/strong><\/p>\n<p>D\u00e9nomination : 300 Conteneur en plastique<br \/>\n&#8211; Net Content : 310 ml<br \/>\n&#8211; Dimensions de l&#8217;emballage : Hauteur : 155mm Largeur : 53mm Longueur 64mm<br \/>\n&#8211; Mat\u00e9riel : R\u00e9cipient en PP transparent.<br \/>\n&#8211; Bouchon \u00e0 vis. Diam\u00e8tre du capuchon : 55 mm.<br \/>\nFermeture : Feuille d&rsquo;induction<br \/>\nEmballage cartonn\u00e9 canal 3 et film \u00e9tirable transparent.<\/p>\n<p><strong>CARACT\u00c9RISTIQUES<\/strong><\/p>\n<p>pH : inf\u00e9rieur \u00e0 4,4<\/p>\n","protected":false},"featured_media":1535,"template":"","meta":[],"_links":{"self":[{"href":"https:\/\/sauzero.com\/fr\/wp-json\/wp\/v2\/product\/504"}],"collection":[{"href":"https:\/\/sauzero.com\/fr\/wp-json\/wp\/v2\/product"}],"about":[{"href":"https:\/\/sauzero.com\/fr\/wp-json\/wp\/v2\/types\/product"}],"wp:featuredmedia":[{"embeddable":true,"href":"https:\/\/sauzero.com\/fr\/wp-json\/wp\/v2\/media\/1535"}],"wp:attachment":[{"href":"https:\/\/sauzero.com\/fr\/wp-json\/wp\/v2\/media?parent=504"}],"curies":[{"name":"wp","href":"https:\/\/api.w.org\/{rel}","templated":true}]}}