{"id":503,"date":"2019-09-05T09:57:20","date_gmt":"2019-09-05T09:57:20","guid":{"rendered":"https:\/\/sauzero.com\/product\/cheese\/"},"modified":"2023-03-31T12:54:11","modified_gmt":"2023-03-31T12:54:11","slug":"fromage","status":"publish","type":"product","link":"https:\/\/sauzero.com\/fr\/product\/fromage\/","title":{"rendered":"Fromage"},"content":{"rendered":"<h2>Qu&rsquo;est-ce que le fromage bleu saveur Sauzero ?<\/h2>\n<p>Le <a href=\"https:\/\/sauzero.com\/fr\/#Products\"><strong>Sauzero<\/strong><\/a> <strong>au go\u00fbt Blue Cheese<\/strong> est une d\u00e9licieuse sauce sans sucre ajout\u00e9, et particuli\u00e8rement faible en calories. Il est id\u00e9al pour assaisonner des salades ou accompagner de la viande ou des l\u00e9gumes, avec une touche de la saveur caract\u00e9ristique et intense du fromage bleu.<\/p>\n<p><strong>Sauzero<\/strong> <strong>\u00e0 la saveur fromage bleu <\/strong> a \u00e9t\u00e9 \u00e9labor\u00e9 avec des ingr\u00e9dients de premi\u00e8re qualit\u00e9. Bas en calories. <strong>Id\u00e9al pour les amateurs de saveur de fromage. Sa texture est douce mais sa saveur est tr\u00e8s intense. <\/strong><\/p>\n<p><strong>Sauzero est <\/strong>la nouvelle <strong>gamme de sauces dans sa version Z\u00e9ro<\/strong>. Il a \u00e9t\u00e9 con\u00e7u avec un objectif principal : cr\u00e9er vos sauces pr\u00e9f\u00e9r\u00e9es, dans les saveurs les plus classiques et les plus innovantes, sans sucre ni mati\u00e8re grasse, afin qu&rsquo;elles puissent \u00eatre appr\u00e9ci\u00e9es en accompagnement de tous les types de r\u00e9gimes.<\/p>\n<p>C&rsquo;est une option imbattable pour tous ceux qui veulent am\u00e9liorer leurs habitudes sans avoir \u00e0 abandonner les saveurs les plus intenses de leurs sauces pr\u00e9f\u00e9r\u00e9es. <strong>Sauzero aide \u00e0 rompre la monotonie dans l&rsquo;alimentation.<\/strong> Il convient \u00e0 toutes sortes d&rsquo;objectifs, de la perte de graisse, \u00e0 l&rsquo;am\u00e9lioration des habitudes ou au maintien d&rsquo;un mode de vie sain.<\/p>\n<h2>Quels sont les avantages du fromage bleu Sauzero ?<\/h2>\n<ul>\n<li>Saveur d\u00e9licieuse de fromage bleu.<\/li>\n<li>Il fournit moins de 5 kcal par portion.<\/li>\n<li>Id\u00e9al pour tous les types de r\u00e9gimes.<\/li>\n<li>Sans sucre ajout\u00e9 et sans mati\u00e8res grasses.<\/li>\n<li>Sans gluten<\/li>\n<li>100 % v\u00e9g\u00e9talien.<\/li>\n<\/ul>\n<h2>Comment prendre Sauzero?<\/h2>\n<p>Ajoutez 1 portion de sauce (20 grammes) \u00e0 vos plats pr\u00e9f\u00e9r\u00e9s. Profitez de la saveur du fromage bleu, sans ajouter de calories suppl\u00e9mentaires.<\/p>\n<p><strong>Instructions de stockage : <\/strong><\/p>\n<p>Conserver dans un endroit frais et sec. Une fois ouvert, \u00e0 conserver au r\u00e9frig\u00e9rateur et \u00e0 consommer dans le mois.<\/p>\n","protected":false},"excerpt":{"rendered":"<p>Sauce cuite, id\u00e9ale pour l&rsquo;assaisonnement des salades ou l&rsquo;accompagnement de viandes ou de l\u00e9gumes, avec la touche caract\u00e9ristique du fromage bleu.<\/p>\n<p><strong>Ingr\u00e9dients<\/strong> : Eau, amidon de ma\u00efs modifi\u00e9, fromage bleu 2%, sel, \u00e9paississants : gomme de guar, gomme de xanthane, agar agar, conservateur : benzoate de sodium, acidifiant : acide lactique, persil, ar\u00f4me.<\/p>\n<p><strong>TYPE ET CARACT\u00c9RISTIQUES DE L&rsquo;EMBALLAGE ET DU CONDITIONNEMENT<\/strong><\/p>\n<p>D\u00e9nomination : 300 Conteneur en plastique<br \/>\n&#8211; Net Content : 300 ml<br \/>\n&#8211; Dimensions de l&#8217;emballage : Hauteur : 155mm Largeur : 53mm Longueur 64mm<br \/>\n&#8211; Mat\u00e9riel : R\u00e9cipient en PP transparent.<br \/>\n&#8211; Bouchon \u00e0 vis. Diam\u00e8tre du capuchon : 55 mm.<br \/>\nFermeture : Feuille d&rsquo;induction<br \/>\nEmballage cartonn\u00e9 canal 3 et film \u00e9tirable transparent.<\/p>\n<p><strong>CARACT\u00c9RISTIQUES PHYSIQUES-CHIMIQUES<\/strong><\/p>\n<p>pH : inf\u00e9rieur \u00e0 4,4<\/p>\n","protected":false},"featured_media":1528,"template":"","meta":[],"_links":{"self":[{"href":"https:\/\/sauzero.com\/fr\/wp-json\/wp\/v2\/product\/503"}],"collection":[{"href":"https:\/\/sauzero.com\/fr\/wp-json\/wp\/v2\/product"}],"about":[{"href":"https:\/\/sauzero.com\/fr\/wp-json\/wp\/v2\/types\/product"}],"wp:featuredmedia":[{"embeddable":true,"href":"https:\/\/sauzero.com\/fr\/wp-json\/wp\/v2\/media\/1528"}],"wp:attachment":[{"href":"https:\/\/sauzero.com\/fr\/wp-json\/wp\/v2\/media?parent=503"}],"curies":[{"name":"wp","href":"https:\/\/api.w.org\/{rel}","templated":true}]}}