{"id":502,"date":"2019-09-05T09:59:37","date_gmt":"2019-09-05T09:59:37","guid":{"rendered":"https:\/\/sauzero.com\/product\/blueberry\/"},"modified":"2023-03-31T12:55:56","modified_gmt":"2023-03-31T12:55:56","slug":"myrtille-saveur","status":"publish","type":"product","link":"https:\/\/sauzero.com\/fr\/product\/myrtille-saveur\/","title":{"rendered":"Myrtille"},"content":{"rendered":"<h2>Qu&rsquo;est-ce que le Sauzero Myrtille saveur?<\/h2>\n<p><strong><a href=\"https:\/\/sauzero.com\/fr\/#Products\">Sauzero<\/a> myrtille<\/strong> <strong>saveur <\/strong>est un d\u00e9licieux sirop au go\u00fbt de myrtille, <strong>sans sucres ajout\u00e9s et particuli\u00e8rement peu calorique<\/strong>. Il est fabriqu\u00e9 \u00e0 partir de myrtilles et de sucralose. Son go\u00fbt est une explosion de douceur.<\/p>\n<p>La ligne de <strong>sirops<\/strong> et de sauces <strong>Sauzero<\/strong> a \u00e9t\u00e9 con\u00e7ue avec un objectif principal: <strong>cr\u00e9er vos sirops pr\u00e9f\u00e9r\u00e9s, dans les saveurs les plus classiques et les plus innovantes, sans sucres ni graisses,<\/strong> afin qu&rsquo;ils puissent \u00eatre d\u00e9gust\u00e9s en accompagnement de tout type de r\u00e9gime. Il s&rsquo;agit d&rsquo;une option imbattable pour tous ceux qui souhaitent am\u00e9liorer leurs habitudes sans devoir renoncer aux saveurs pr\u00e9f\u00e9r\u00e9es de tous les amateurs de sucreries.<\/p>\n<p><strong>Sauzero en saveur Bueberry<\/strong> aide \u00e0 rompre la monotonie des aliments de r\u00e9gime. Il convient \u00e0 tout, de la perte de graisse \u00e0 l&rsquo;am\u00e9lioration des habitudes ou au maintien d&rsquo;un mode de vie sain.<\/p>\n<p>Le saule aromatis\u00e9 \u00e0 la myrtille vous permet d&rsquo;ajouter une explosion de saveur, <strong>sans ajouter de calories suppl\u00e9mentaires<\/strong>. Il est id\u00e9al pour la pr\u00e9paration de plats tels que les desserts, ou m\u00eame en accompagnement de viandes ou de fromages.<\/p>\n<h2>Quels sont les avantages de Sauzero Myrtille saveur?<\/h2>\n<ul>\n<li>D\u00e9licieux go\u00fbt de myrtille.<\/li>\n<li><strong>Faible en calories. Seulement 2kcal par portion.<\/strong><\/li>\n<li>Convient \u00e0 tous les types de r\u00e9gimes alimentaires.<\/li>\n<li>Sans sucres ajout\u00e9s.<\/li>\n<li>\u00c9dulcor\u00e9 avec du sucralose.<\/li>\n<li><strong>Sans graisse. 0% sans graisse.<\/strong><\/li>\n<li>Sans gluten.<\/li>\n<li>100% v\u00e9g\u00e9talien.<\/li>\n<\/ul>\n<h2>Comment prendre Sauzero Myrtille?<\/h2>\n<p>Ajoutez 1 portion de sirop (20 grammes) \u00e0 vos recettes pr\u00e9f\u00e9r\u00e9es. Profitez de son go\u00fbt sucr\u00e9 et explosif de myrtille sans ajouter de calories suppl\u00e9mentaires.<\/p>\n<p><strong>Instructions de stockage : <\/strong>Conserver dans un endroit frais et sec. Une fois ouvert, conservez au r\u00e9frig\u00e9rateur et consommez dans un d\u00e9lai d&rsquo;un mois.<\/p>\n<h2><\/h2>\n","protected":false},"excerpt":{"rendered":"<p>Sauce cuite, id\u00e9ale pour accompagner les plats de viande ou les desserts.\u00a0Sauce peu calorique.<\/p>\n<p><strong>Ingr\u00e9dients<\/strong> : Eau, myrtilles 16%, amidon de ma\u00efs modifi\u00e9, stabilisateurs (gomme de guar, gomme de xanthane, E435), ar\u00f4me, conservateur (benzoate de sodium), acidifiant (acide citrique), sel, \u00e9dulcorant : sucralose.<\/p>\n<p><strong>TYPE ET CARACT\u00c9RISTIQUES DE L&rsquo;EMBALLAGE ET DU CONDITIONNEMENT<\/strong><\/p>\n<p>D\u00e9nomination : 300 Conteneur en plastique<br \/>\n&#8211; Net Content : 310 ml<br \/>\n&#8211; Dimensions de l&#8217;emballage : Hauteur : 155mm Largeur : 53mm Longueur 64mm<br \/>\n&#8211; Mat\u00e9riel : R\u00e9cipient en PP transparent.<br \/>\n&#8211; Bouchon \u00e0 vis. Diam\u00e8tre du capuchon : 55 mm.<br \/>\nFermeture : Feuille d&rsquo;induction<br \/>\nEmballage cartonn\u00e9 canal 3 et film \u00e9tirable transparent.<\/p>\n<p><strong>CARACT\u00c9RISTIQUES PHYSIQUES-CHIMIQUES<\/strong><\/p>\n<p>pH : inf\u00e9rieur \u00e0 4,4<\/p>\n","protected":false},"featured_media":1525,"template":"","meta":[],"_links":{"self":[{"href":"https:\/\/sauzero.com\/fr\/wp-json\/wp\/v2\/product\/502"}],"collection":[{"href":"https:\/\/sauzero.com\/fr\/wp-json\/wp\/v2\/product"}],"about":[{"href":"https:\/\/sauzero.com\/fr\/wp-json\/wp\/v2\/types\/product"}],"wp:featuredmedia":[{"embeddable":true,"href":"https:\/\/sauzero.com\/fr\/wp-json\/wp\/v2\/media\/1525"}],"wp:attachment":[{"href":"https:\/\/sauzero.com\/fr\/wp-json\/wp\/v2\/media?parent=502"}],"curies":[{"name":"wp","href":"https:\/\/api.w.org\/{rel}","templated":true}]}}