{"id":500,"date":"2019-09-05T10:03:08","date_gmt":"2019-09-05T10:03:08","guid":{"rendered":"https:\/\/sauzero.com\/product\/choco-nut\/"},"modified":"2023-03-31T12:59:22","modified_gmt":"2023-03-31T12:59:22","slug":"choco-nut-saveur","status":"publish","type":"product","link":"https:\/\/sauzero.com\/fr\/product\/choco-nut-saveur\/","title":{"rendered":"Choco Nut"},"content":{"rendered":"<h2>Qu&rsquo;est-ce que Sauzero Choco Nut saveur?<\/h2>\n<p><strong><a href=\"https:\/\/sauzero.com\/fr\/#Products\">Sauzero<\/a> Choco Nut saveur<\/strong>\u00a0est un d\u00e9licieux sirop chocolat-noisette\u00a0<strong>sans sucres ajout\u00e9s et particuli\u00e8rement peu calorique<\/strong>. Il est fabriqu\u00e9 \u00e0 partir de cacao et \u00e9dulcor\u00e9 avec du sucralose. Il est id\u00e9al pour accompagner les plats et recettes sucr\u00e9s.<\/p>\n<p><strong>Sauzero<\/strong>\u00a0est la nouvelle ligne de sauces et de sirops dans sa version Z\u00e9ro. Il a \u00e9t\u00e9 con\u00e7u avec un objectif principal: cr\u00e9er vos\u00a0<strong>sirops pr\u00e9f\u00e9r\u00e9s, dans les saveurs les plus classiques et les plus innovantes, sans sucres ni graisses<\/strong>, afin qu&rsquo;ils puissent \u00eatre d\u00e9gust\u00e9s en accompagnement de tous types de r\u00e9gimes.<\/p>\n<p><strong>Sauzero en saveur Choco Nut\u00a0<\/strong>a \u00e9t\u00e9 fabriqu\u00e9 avec des\u00a0<strong>ingr\u00e9dients de premi\u00e8re qualit\u00e9<\/strong>. Faible en calories et sans gluten. Son go\u00fbt de cacao et de noisette est id\u00e9al pour les amateurs de chocolat.<\/p>\n<p>Il s&rsquo;agit d&rsquo;une option imbattable pour tous ceux qui souhaitent am\u00e9liorer leurs habitudes sans devoir renoncer aux saveurs les plus intenses de leurs sirops sucr\u00e9s pr\u00e9f\u00e9r\u00e9s. Il convient \u00e0 tout, de la perte de graisse \u00e0 l&rsquo;am\u00e9lioration des habitudes ou au maintien d&rsquo;un mode de vie sain. Convient aux v\u00e9g\u00e9taliens.<\/p>\n<h2>Quels sont les avantages de Sauzero?<\/h2>\n<ul>\n<li>D\u00e9licieux go\u00fbt de cacao et de noisette.<\/li>\n<li><strong>Faible en calories. Seulement 2kcal par portion.<\/strong><\/li>\n<li>Convient \u00e0 tous les types de r\u00e9gimes alimentaires.<\/li>\n<li>Sans sucres ajout\u00e9s.<\/li>\n<li>\u00c9dulcor\u00e9 avec du sucralose.<\/li>\n<li><strong>Sans graisse. 0% sans graisse.<\/strong><\/li>\n<li>Sans gluten.<\/li>\n<li>100% v\u00e9g\u00e9talien.<\/li>\n<\/ul>\n<h2>Comment prendre Sauzero Choco Nut ?<\/h2>\n<p>Ajoutez 1 portion de sirop (20 grammes) \u00e0 vos recettes pr\u00e9f\u00e9r\u00e9es. Profitez de sa douce saveur de chocolat et de noisettes sans ajouter de calories suppl\u00e9mentaires.<\/p>\n<p><strong>Instructions de stockage<\/strong>: Conserver dans un endroit frais et sec. Une fois ouvert, conserver au r\u00e9frig\u00e9rateur et consommer dans le mois qui suit.<\/p>\n","protected":false},"excerpt":{"rendered":"<p>Sauce cuite, id\u00e9ale pour l&rsquo;accompagnement des desserts.\u00a0Sauce peu calorique.<\/p>\n<p><strong>Ingr\u00e9dients<\/strong> : Eau, 1,7% de cacao, amidon de ma\u00efs modifi\u00e9, ar\u00f4mes de chocolat et de noisette, stabilisateur : gomme de guar, gomme de xanthane, sel, acidifiant : acide lactique, conservateur : benzoate de sodium, \u00e9dulcorant : maltitol, sucralose.<\/p>\n<p><strong>TYPE ET CARACT\u00c9RISTIQUES DE L&rsquo;EMBALLAGE ET DU CONDITIONNEMENT<\/strong><\/p>\n<p>D\u00e9nomination : 300 Conteneur en plastique<br \/>\n&#8211; Net Content : 310 ml<br \/>\n&#8211; Dimensions de l&#8217;emballage : Hauteur : 155mm Largeur : 53mm Longueur 64mm<br \/>\n&#8211; Mat\u00e9riel : R\u00e9cipient en PP transparent.<br \/>\n&#8211; Bouchon \u00e0 vis. Diam\u00e8tre du capuchon : 55 mm.<br \/>\nFermeture : Feuille d&rsquo;induction<br \/>\nEmballage cartonn\u00e9 canal 3 et film \u00e9tirable transparent.<\/p>\n<p><strong>CARACT\u00c9RISTIQUES<\/strong><\/p>\n<p>pH : inf\u00e9rieur \u00e0 4,4<\/p>\n","protected":false},"featured_media":1519,"template":"","meta":[],"_links":{"self":[{"href":"https:\/\/sauzero.com\/fr\/wp-json\/wp\/v2\/product\/500"}],"collection":[{"href":"https:\/\/sauzero.com\/fr\/wp-json\/wp\/v2\/product"}],"about":[{"href":"https:\/\/sauzero.com\/fr\/wp-json\/wp\/v2\/types\/product"}],"wp:featuredmedia":[{"embeddable":true,"href":"https:\/\/sauzero.com\/fr\/wp-json\/wp\/v2\/media\/1519"}],"wp:attachment":[{"href":"https:\/\/sauzero.com\/fr\/wp-json\/wp\/v2\/media?parent=500"}],"curies":[{"name":"wp","href":"https:\/\/api.w.org\/{rel}","templated":true}]}}