{"id":499,"date":"2019-09-05T10:04:50","date_gmt":"2019-09-05T10:04:50","guid":{"rendered":"https:\/\/sauzero.com\/product\/ketchup\/"},"modified":"2023-03-31T13:06:31","modified_gmt":"2023-03-31T13:06:31","slug":"ketchup-saveur","status":"publish","type":"product","link":"https:\/\/sauzero.com\/fr\/product\/ketchup-saveur\/","title":{"rendered":"Ketchup"},"content":{"rendered":"<h2>Qu&rsquo;est-ce que le Sauzero Ketchup saveur ?<\/h2>\n<p><strong><a href=\"https:\/\/sauzero.com\/fr\/#Products\">Sauzero<\/a> au go\u00fbt ketchup saveur <\/strong>est une sauce d\u00e9licieuse sans sucres ajout\u00e9s et particuli\u00e8rement peu calorique. Il est fabriqu\u00e9 \u00e0 partir de <strong>tomates et \u00e9dulcor\u00e9 avec du sucralose.<\/strong> Il est id\u00e9al pour accompagner des plats tels que la viande, le poulet ou les pommes de terre.<\/p>\n<p><strong>Sauzero<\/strong> est la nouvelle ligne de sauces dans sa version Z\u00e9ro. <strong>Il a \u00e9t\u00e9 con\u00e7u avec un objectif principal: cr\u00e9er vos sauces pr\u00e9f\u00e9r\u00e9es, dans les saveurs les plus classiques et les plus innovantes,<\/strong> sans sucres ni graisses, afin qu&rsquo;elles puissent \u00eatre appr\u00e9ci\u00e9es en accompagnement de tous les types de r\u00e9gimes.<\/p>\n<p><strong>Sauzero, au go\u00fbt original de ketchup<\/strong>, a \u00e9t\u00e9 fabriqu\u00e9 avec <strong>des ingr\u00e9dients de premi\u00e8re qualit\u00e9. Faible en calories et sans gluten<\/strong>. Son go\u00fbt traditionnel de ketchup a \u00e9t\u00e9 obtenu en utilisant des tomates 100% naturelles.<\/p>\n<p>Il s&rsquo;agit d&rsquo;une option imbattable pour tous ceux qui souhaitent am\u00e9liorer leurs habitudes sans devoir renoncer aux saveurs les plus intenses de leurs sauces pr\u00e9f\u00e9r\u00e9es. Il convient \u00e0 tous les types d&rsquo;objectifs, de la perte de graisse \u00e0 l&rsquo;am\u00e9lioration des habitudes ou au maintien d&rsquo;un mode de vie sain. Convient aux v\u00e9g\u00e9taliens.<\/p>\n<h2>Quels sont les avantages du Sauzero Ketchup ?<\/h2>\n<ul>\n<li>D\u00e9licieuse saveur originale de ketchup saveur.<\/li>\n<li>Tomate 100% naturelle.<\/li>\n<li><strong>Moins de 2 calories par portion. <\/strong><\/li>\n<li>Id\u00e9al pour tous les types de r\u00e9gimes.<\/li>\n<li><strong>Sans sucres ajout\u00e9s et sans graisse. <\/strong><\/li>\n<li><strong>\u00c9dulcor\u00e9 avec du sucralose.<\/strong><\/li>\n<li>Sans gluten.<\/li>\n<\/ul>\n<h2>Comment prendre le Sauzero Ketchup saveur?<\/h2>\n<p>Ajoutez 1 portion de la sauce (20 grammes) \u00e0 vos plats pr\u00e9f\u00e9r\u00e9s. Profitez du go\u00fbt du ketchup, sans ajouter de calories suppl\u00e9mentaires.<\/p>\n<p><strong>Instructions de stockage: <\/strong><\/p>\n<p>Conserver dans un endroit frais et sec. Une fois ouvert, conservez au r\u00e9frig\u00e9rateur et consommez dans un d\u00e9lai d&rsquo;un mois.<\/p>\n<h2><\/h2>\n","protected":false},"excerpt":{"rendered":"<p>Sauce cuite, id\u00e9ale pour l&rsquo;accompagnement des viandes et des l\u00e9gumes.\u00a0Sauce peu calorique.<\/p>\n<p><strong>Ingr\u00e9dients<\/strong> : Tomate, eau, vinaigre d&rsquo;alcool, amidon de ma\u00efs modifi\u00e9, sel, stabilisateurs (gomme de guar, gomme de xanthane), oignon, \u00e9pices, conservateur (benzoate de sodium), ol\u00e9or\u00e9sine de paprika, \u00e9dulcorant (sucralose).<\/p>\n<p><strong>TYPE ET CARACT\u00c9RISTIQUES DE L&rsquo;EMBALLAGE ET DU CONDITIONNEMENT<\/strong><\/p>\n<p>D\u00e9nomination : 300 Conteneur en plastique<br \/>\n&#8211; Net Content : 310 ml<br \/>\n&#8211; Dimensions de l&#8217;emballage : Hauteur : 155mm Largeur : 53mm Longueur 64mm<br \/>\n&#8211; Mat\u00e9riel : R\u00e9cipient en PP transparent.<br \/>\n&#8211; Bouchon \u00e0 vis. Diam\u00e8tre du capuchon : 55 mm.<br \/>\nFermeture : Feuille d&rsquo;induction<br \/>\nEmballage cartonn\u00e9 canal 3 et film \u00e9tirable transparent.<\/p>\n<p><strong>CARACT\u00c9RISTIQUES PHYSIQUES-CHIMIQUES<\/strong><\/p>\n<p>pH : inf\u00e9rieur \u00e0 4,4<\/p>\n","protected":false},"featured_media":1514,"template":"","meta":[],"_links":{"self":[{"href":"https:\/\/sauzero.com\/fr\/wp-json\/wp\/v2\/product\/499"}],"collection":[{"href":"https:\/\/sauzero.com\/fr\/wp-json\/wp\/v2\/product"}],"about":[{"href":"https:\/\/sauzero.com\/fr\/wp-json\/wp\/v2\/types\/product"}],"wp:featuredmedia":[{"embeddable":true,"href":"https:\/\/sauzero.com\/fr\/wp-json\/wp\/v2\/media\/1514"}],"wp:attachment":[{"href":"https:\/\/sauzero.com\/fr\/wp-json\/wp\/v2\/media?parent=499"}],"curies":[{"name":"wp","href":"https:\/\/api.w.org\/{rel}","templated":true}]}}