{"id":498,"date":"2019-09-05T10:06:04","date_gmt":"2019-09-05T10:06:04","guid":{"rendered":"https:\/\/sauzero.com\/product\/pancake\/"},"modified":"2023-03-31T13:07:28","modified_gmt":"2023-03-31T13:07:28","slug":"crepe-sauzero","status":"publish","type":"product","link":"https:\/\/sauzero.com\/fr\/product\/crepe-sauzero\/","title":{"rendered":"Cr\u00eape"},"content":{"rendered":"<h2>Qu&rsquo;est-ce que la cr\u00eape Sauzero ?<\/h2>\n<p><strong><a href=\"https:\/\/sauzero.com\/fr\/#Products\">Sauzero<\/a> crepe saveur<\/strong>\u00a0est un d\u00e9licieux\u00a0<strong>sirop d&rsquo;\u00e9rable sans sucres ajout\u00e9s et particuli\u00e8rement peu calorique.\u00a0<\/strong>Il est fabriqu\u00e9 \u00e0 partir de sirop d&rsquo;agave et \u00e9dulcor\u00e9 avec du sucralose. Il est id\u00e9al pour accompagner les plats et recettes sucr\u00e9s.<\/p>\n<p>Sauzero est la nouvelle ligne de sauces et de sirops dans sa version Z\u00e9ro. Il a \u00e9t\u00e9 con\u00e7u avec un objectif principal:\u00a0<strong>cr\u00e9er vos sirops pr\u00e9f\u00e9r\u00e9s, dans les saveurs les plus classiques et les plus innovantes, sans sucres ni graisses<\/strong>, afin qu&rsquo;ils puissent \u00eatre d\u00e9gust\u00e9s en accompagnement de tous types de r\u00e9gimes.<\/p>\n<p><strong>Sauzero au go\u00fbt de cr\u00eape<\/strong>\u00a0a \u00e9t\u00e9 \u00e9labor\u00e9 avec des ingr\u00e9dients de premi\u00e8re qualit\u00e9. Faible en calories et sans gluten. Son go\u00fbt de sirop d&rsquo;\u00e9rable est id\u00e9al pour les personnes qui ont la dent sucr\u00e9e.<\/p>\n<p>Il s&rsquo;agit d&rsquo;une option imbattable pour tous ceux qui souhaitent am\u00e9liorer leurs habitudes sans avoir \u00e0 renoncer aux saveurs plus intenses de leurs sirops sucr\u00e9s pr\u00e9f\u00e9r\u00e9s. Il convient \u00e0 tout, de la perte de graisse \u00e0 l&rsquo;am\u00e9lioration des habitudes ou au maintien d&rsquo;un mode de vie sain. Convient aux v\u00e9g\u00e9taliens.<\/p>\n<h2>Quels sont les avantages de la Sauzero crepe saveur?<\/h2>\n<ul>\n<li>D\u00e9licieuse saveur de sirop d&rsquo;\u00e9rable.<\/li>\n<li>Faible en calories.<\/li>\n<li><strong>Seulement 2kcal par portion.<\/strong><\/li>\n<li>Convient \u00e0 tous les r\u00e9gimes alimentaires.<\/li>\n<li>Sans sucres ajout\u00e9s.<\/li>\n<li>\u00c9dulcor\u00e9 avec du sucralose.<\/li>\n<li><strong>Sans graisse. 0% sans graisse.<\/strong><\/li>\n<li>100% v\u00e9g\u00e9talien.<\/li>\n<\/ul>\n<h2>Comment prendre la Sauzero crepe saveur?<\/h2>\n<p>Ajoutez 1 portion de sirop (20 grammes) \u00e0 vos plats pr\u00e9f\u00e9r\u00e9s. Profitez du go\u00fbt sucr\u00e9 du sirop d&rsquo;\u00e9rable traditionnel sans ajouter de calories suppl\u00e9mentaires.<\/p>\n<p><strong>Instructions de stockage<\/strong>: Conserver dans un endroit frais et sec. Une fois ouvert, conservez au r\u00e9frig\u00e9rateur et consommez dans un d\u00e9lai d&rsquo;un mois.<\/p>\n","protected":false},"excerpt":{"rendered":"<p>Sauce cuite, id\u00e9ale pour l&rsquo;accompagnement des desserts.\u00a0Sauce peu calorique.<\/p>\n<p><strong>Ingr\u00e9dients<\/strong> : Eau, sirop d&rsquo;agave, amidon de ma\u00efs modifi\u00e9, sel, stabilisateurs : (gomme de guar, gomme de xanthane, E435), ar\u00f4me, acidifiant (acide lactique), conservateur (benzoate de sodium), colorant (caramel (contient des sulfites) ) et \u00e9dulcorant : sucralose.<\/p>\n<p><strong>TYPE ET CARACT\u00c9RISTIQUES DE L&rsquo;EMBALLAGE ET DU CONDITIONNEMENT<\/strong><\/p>\n<p>D\u00e9nomination : 300 Conteneur en plastique<br \/>\n&#8211; Net Content : 310 ml<br \/>\n&#8211; Dimensions de l&#8217;emballage : Hauteur : 155mm Largeur : 53mm Longueur 64mm<br \/>\n&#8211; Mat\u00e9riel : R\u00e9cipient en PP transparent.<br \/>\n&#8211; Bouchon \u00e0 vis. Diam\u00e8tre du capuchon : 55 mm.<br \/>\nFermeture : Feuille d&rsquo;induction<br \/>\nEmballage cartonn\u00e9 canal 3 et film \u00e9tirable transparent.<\/p>\n<p><strong>CARACT\u00c9RISTIQUES PHYSIQUES-CHIMIQUES<\/strong><\/p>\n<p>pH : inf\u00e9rieur \u00e0 4,4<\/p>\n","protected":false},"featured_media":1513,"template":"","meta":[],"_links":{"self":[{"href":"https:\/\/sauzero.com\/fr\/wp-json\/wp\/v2\/product\/498"}],"collection":[{"href":"https:\/\/sauzero.com\/fr\/wp-json\/wp\/v2\/product"}],"about":[{"href":"https:\/\/sauzero.com\/fr\/wp-json\/wp\/v2\/types\/product"}],"wp:featuredmedia":[{"embeddable":true,"href":"https:\/\/sauzero.com\/fr\/wp-json\/wp\/v2\/media\/1513"}],"wp:attachment":[{"href":"https:\/\/sauzero.com\/fr\/wp-json\/wp\/v2\/media?parent=498"}],"curies":[{"name":"wp","href":"https:\/\/api.w.org\/{rel}","templated":true}]}}