{"id":1635,"date":"2023-04-26T08:31:59","date_gmt":"2023-04-26T08:31:59","guid":{"rendered":"https:\/\/sauzero.com\/fr\/?post_type=product&#038;p=1635"},"modified":"2023-04-26T08:33:19","modified_gmt":"2023-04-26T08:33:19","slug":"mayo-truffe","status":"publish","type":"product","link":"https:\/\/sauzero.com\/fr\/product\/mayo-truffe\/","title":{"rendered":"Mayo Truffe"},"content":{"rendered":"<h2>Qu&rsquo;est-ce que la truffe Sauzero Mayo ?<\/h2>\n<p><strong><a href=\"https:\/\/sauzero.com\/fr\/#Products\">Sauzero<\/a> in Mayo Truffe <\/strong>est l&rsquo;un des nouveaux ajouts qui ne passe pas inaper\u00e7u dans la gamme de sauces et de sirops Sauzero.<strong>Sauzero Mayo Truffe<\/strong> est un d\u00e9licieux <strong>low&gt; sauce en calories<\/strong>, avec une saveur et une texture magnifiques, et une saveur intense de truffe. Tous les ingr\u00e9dients utilis\u00e9s dans sa pr\u00e9paration sont de la plus haute qualit\u00e9.<\/p>\n<p><strong>Sauzero Mayo Truffe <\/strong> est id\u00e9al pour accompagner vos recettes. Il a le grand avantage d&rsquo;avoir une composition am\u00e9lior\u00e9e, \u00e9tant tr\u00e8s <strong>faible en sucres et en graisses<\/strong>.<\/p>\n<p><strong>Sauzero<\/strong> aide \u00e0 maintenir un mode de vie sain et vous permet de profiter de toute la saveur et de la texture conventionnelles des sirops. Avec <strong>Sauzero Mayo Truffe<\/strong> il n&rsquo;est pas n\u00e9cessaire de renoncer \u00e0 l&rsquo;une de vos sauces.<\/p>\n<h2>Propri\u00e9t\u00e9s et caract\u00e9ristiques de la Truffe Sauzero:<\/h2>\n<p><strong>Il vous permet d&rsquo;ajouter une explosion de saveurs, sans ajouter de calories suppl\u00e9mentaires. <\/strong><\/p>\n<ul>\n<li><strong>D\u00e9licieuse saveur de truffe.<\/strong><\/li>\n<li><strong>Faible apport calorique. <\/strong><\/li>\n<li>Moins de 5 calories par portion.<\/li>\n<li><strong>Faible teneur en mati\u00e8res grasses. <\/strong><\/li>\n<li>Sans sucre ajout\u00e9.<\/li>\n<li>Convient \u00e0 tous les types de r\u00e9gimes.<\/li>\n<\/ul>\n<h2>Comment utiliser la truffe Sauzero ?<\/h2>\n<p>Ajoutez 1 portion de la sauce (20 grammes) \u00e0 vos plats et recettes. <strong>Recommand\u00e9 pour la pr\u00e9paration de viandes, poissons et l\u00e9gumes. <\/strong><\/p>\n<p><strong>Instructions de stockage : <\/strong> Conserver dans un endroit frais et sec. Une fois ouvert, \u00e0 conserver au r\u00e9frig\u00e9rateur et \u00e0 consommer dans le mois.<\/p>\n","protected":false},"excerpt":{"rendered":"<p>Sauce id\u00e9ale pour la viande, le poisson et les l\u00e9gumes. sauce peu calorique<br \/>\n<strong>Ingr\u00e9dients :<\/strong> Eau, amidon de ma\u00efs modifi\u00e9, vinaigre d&rsquo;alcool, sel, moutarde (eau, graines de moutarde, vinaigre d&rsquo;alcool, sel, \u00e9pices et ar\u00f4me naturel), brisura de truffe (0,5 %), jus de citron (antioxydant : le m\u00e9tabisulfite de potassium contient des sulfites), un conservateur (benzoate de sodium), des stabilisants (alginate de sodium, gomme xanthane), un acidulant (acide lactique), des ar\u00f4mes (contient du lait et de la moutarde) et un \u00e9dulcorant (sucralose).<\/p>\n<p><strong>TYPE ET CARACT\u00c9RISTIQUES DU CONTENANT ET DE L&rsquo;EMBALLAGE<\/strong><\/p>\n<p>D\u00e9nomination : Bidon plastique 300<br \/>\n&#8211; Contenu net : 310 ml<br \/>\n&#8211; Dimensions du contenant : Hauteur : 155 mm Largeur : 53 mm Longueur 64 mm<br \/>\n&#8211; Mat\u00e9riau : R\u00e9cipient en PP transparent.<br \/>\n&#8211; Bouchon \u00e0 vis. Diam\u00e8tre du capuchon : 55 mm.<br \/>\nFermeture : feuille d&rsquo;induction.<br \/>\n3 canaux d&#8217;emballage en carton et film \u00e9tirable transparent.<\/p>\n<p><strong>CARACT\u00c9RISTIQUES<\/strong><\/p>\n<p>pH : moins de 4,4<\/p>\n","protected":false},"featured_media":1634,"template":"","meta":[],"_links":{"self":[{"href":"https:\/\/sauzero.com\/fr\/wp-json\/wp\/v2\/product\/1635"}],"collection":[{"href":"https:\/\/sauzero.com\/fr\/wp-json\/wp\/v2\/product"}],"about":[{"href":"https:\/\/sauzero.com\/fr\/wp-json\/wp\/v2\/types\/product"}],"wp:featuredmedia":[{"embeddable":true,"href":"https:\/\/sauzero.com\/fr\/wp-json\/wp\/v2\/media\/1634"}],"wp:attachment":[{"href":"https:\/\/sauzero.com\/fr\/wp-json\/wp\/v2\/media?parent=1635"}],"curies":[{"name":"wp","href":"https:\/\/api.w.org\/{rel}","templated":true}]}}