{"id":1629,"date":"2023-04-26T06:32:44","date_gmt":"2023-04-26T06:32:44","guid":{"rendered":"https:\/\/sauzero.com\/fr\/?post_type=product&#038;p=1629"},"modified":"2023-04-26T06:32:47","modified_gmt":"2023-04-26T06:32:47","slug":"aigre-douce","status":"publish","type":"product","link":"https:\/\/sauzero.com\/fr\/product\/aigre-douce\/","title":{"rendered":"aigre-douce"},"content":{"rendered":"<h2>Qu&rsquo;est-ce que la saveur <span class=\"Y2IQFc\" lang=\"fr\">tha\u00ef aigre-douce <\/span>de Sauzero ?<\/h2>\n<p><strong><a href=\"https:\/\/sauzero.com\/fr\/#Products\">Sauzero<\/a> au go\u00fbt tha\u00ef aigre-douce fait partie de la nouvelle gamme de sauces et sirops Sauzero. <\/strong>Le Sauzero Thai est une d\u00e9licieuse sauce faible en calories, avec une saveur et une texture d\u00e9licieuses sans sucre ajout\u00e9, et tr\u00e8s faible en calories<strong>.<\/strong><\/p>\n<p><strong>Sauzero au go\u00fbt Tha\u00ef<\/strong> est id\u00e9al pour accompagner viandes et l\u00e9gumes, et ajouter une touche asiatique \u00e0 tous vos plats. Sauzero aide \u00e0 maintenir un mode de vie sain et vous permet de profiter de toute la saveur et de la texture conventionnelles des sauces.<\/p>\n<p>Tous les ingr\u00e9dients utilis\u00e9s dans sa pr\u00e9paration sont de la plus haute qualit\u00e9. Sauzero Thai convient aux v\u00e9g\u00e9taliens.<\/p>\n<h2>Propri\u00e9t\u00e9s et caract\u00e9ristiques du Sauzero Thai :<\/h2>\n<p><strong>Sauzero Thai vous permet de profiter de toute l&rsquo;essence de la saveur aigre-douce : <\/strong><\/p>\n<p>La gamme de sauces <strong>Sauzero<\/strong> a \u00e9t\u00e9 cr\u00e9\u00e9e dans le but de vous offrir une grande gamme de sauces dans les <strong>saveurs les plus classiques et innovantes qui am\u00e9liorent la saveur de vos plats et recettes, sans abandonnez vos sauces pr\u00e9f\u00e9r\u00e9es. <\/strong><\/p>\n<ul>\n<li><strong>Faible en calories. <\/strong><\/li>\n<li>Moins de 5 kcal par portion.<\/li>\n<li>Faible teneur en sucre.<\/li>\n<li><strong>Faible teneur en mati\u00e8res grasses. <\/strong><\/li>\n<li>Convient aux v\u00e9g\u00e9taliens.<\/li>\n<\/ul>\n<h2>Comment utiliser le Sauzero Thai?<\/h2>\n<p>Ajoutez 1 portion de sauce (20 grammes) \u00e0 vos plats et recettes. <strong>Recommand\u00e9 pour pr\u00e9parer des plats inspir\u00e9s de la cuisine asiatique. <\/strong><\/p>\n<p><strong>Instructions de stockage : <\/strong>Conserver dans un endroit frais et sec. Une fois ouvert, \u00e0 conserver au r\u00e9frig\u00e9rateur et \u00e0 consommer dans le mois.<\/p>\n","protected":false},"excerpt":{"rendered":"<p>Sauce id\u00e9ale pour les viandes et les l\u00e9gumes. sauce peu calorique<br \/>\n<strong>Ingr\u00e9dients :<\/strong> Eau, poivron rouge, vinaigre d&rsquo;alcool, carotte, compote de pommes (pomme, acidulant : acide ascorbique), amidon de ma\u00efs modifi\u00e9, sel, stabilisants : alginate de sodium, gomme xanthane, acidulant : acide d&rsquo;agrumes, conservateurs : sorbate de potassium, benzoate de sodium et \u00e9dulcorant : sucralose.<\/p>\n<p><strong>TYPE ET CARACT\u00c9RISTIQUES DU CONTENANT ET DE L&rsquo;EMBALLAGE<\/strong><\/p>\n<p>D\u00e9nomination : Bidon plastique 300<br \/>\n&#8211; Contenu net : 310 ml<br \/>\n&#8211; Dimensions du contenant : Hauteur : 155 mm Largeur : 53 mm Longueur 64 mm<br \/>\n&#8211; Mat\u00e9riau : R\u00e9cipient en PP transparent.<br \/>\n&#8211; Bouchon \u00e0 vis. Diam\u00e8tre du capuchon : 55 mm.<br \/>\nFermeture : feuille d&rsquo;induction.<br \/>\n3 canaux d&#8217;emballage en carton et film \u00e9tirable transparent.<\/p>\n<p><strong>CARACT\u00c9RISTIQUES<\/strong><\/p>\n<p>pH : moins de 4,4<\/p>\n","protected":false},"featured_media":1625,"template":"","meta":[],"_links":{"self":[{"href":"https:\/\/sauzero.com\/fr\/wp-json\/wp\/v2\/product\/1629"}],"collection":[{"href":"https:\/\/sauzero.com\/fr\/wp-json\/wp\/v2\/product"}],"about":[{"href":"https:\/\/sauzero.com\/fr\/wp-json\/wp\/v2\/types\/product"}],"wp:featuredmedia":[{"embeddable":true,"href":"https:\/\/sauzero.com\/fr\/wp-json\/wp\/v2\/media\/1625"}],"wp:attachment":[{"href":"https:\/\/sauzero.com\/fr\/wp-json\/wp\/v2\/media?parent=1629"}],"curies":[{"name":"wp","href":"https:\/\/api.w.org\/{rel}","templated":true}]}}