{"id":1618,"date":"2023-04-25T12:46:51","date_gmt":"2023-04-25T12:46:51","guid":{"rendered":"https:\/\/sauzero.com\/fr\/?post_type=product&#038;p=1618"},"modified":"2023-04-25T12:46:53","modified_gmt":"2023-04-25T12:46:53","slug":"confiture-de-lait","status":"publish","type":"product","link":"https:\/\/sauzero.com\/fr\/product\/confiture-de-lait\/","title":{"rendered":"Confiture de lait"},"content":{"rendered":"<h2>Qu&rsquo;est-ce que le Sauzero Confiture de lait ?<\/h2>\n<p><strong>Sauzero au go\u00fbt Confiture de lait fait partie de la nouvelle gamme de sauces et sirops Sauzero.<\/strong> Le sauzero Dulce de Leche est un d\u00e9licieux sirop <strong>hypocalorique<\/strong>, avec une saveur et une texture magnifiques, que vous pouvez inclure dans vos <strong>desserts et recettes sucr\u00e9es<\/strong>, avec l&rsquo;avantage d&rsquo;\u00eatre tr\u00e8s <strong>faible en sucres et en graisses<\/strong>.<\/p>\n<p>Sauzero aide \u00e0 maintenir un mode de vie sain et vous permet de profiter de toute la saveur et de la texture conventionnelles des sirops. Tous les ingr\u00e9dients utilis\u00e9s dans sa pr\u00e9paration sont de la plus haute qualit\u00e9. De plus, une saveur et une texture ont \u00e9t\u00e9 obtenues tout comme l&rsquo;original. Avec <strong>Sauzero Confiture de lait<\/strong>, il n&rsquo;est pas n\u00e9cessaire de renoncer \u00e0 l&rsquo;un de vos bonbons pr\u00e9f\u00e9r\u00e9s.<\/p>\n<h2>Propri\u00e9t\u00e9s et caract\u00e9ristiques du Sauzero Confiture de lait :<\/h2>\n<p><strong>Il vous permet d&rsquo;ajouter une explosion de saveurs, sans ajouter de calories suppl\u00e9mentaires. <\/strong>Sauzero Dulce de Leche vous permet de profiter de toute l&rsquo;essence du dulce de leche, mais avec une formule am\u00e9lior\u00e9e adapt\u00e9e \u00e0 tous les types de r\u00e9gimes :<\/p>\n<ul>\n<li><strong><strong>Faible apport calorique. <\/strong><\/strong><\/li>\n<li><strong>Moins de 5 kcal par dose. <\/strong><\/li>\n<li>Convient \u00e0 tous les types de r\u00e9gimes.<\/li>\n<li>0,1 gramme de sucre par portion<\/li>\n<li><strong><strong>Faible teneur en mati\u00e8res grasses. <\/strong><\/strong><\/li>\n<li>Faible teneur en sucre.<\/li>\n<\/ul>\n<h2>Comment utiliser le Sauzero ?<\/h2>\n<p>Ajoutez 1 portion de sauce (20 grammes) \u00e0 vos plats et recettes. <strong>Recommand\u00e9 pour la pr\u00e9paration des desserts et pour la d\u00e9coration des plats. <\/strong><\/p>\n<p><strong>Instructions de stockage : <\/strong>Conserver dans un endroit frais et sec. Une fois ouvert, \u00e0 conserver au r\u00e9frig\u00e9rateur et \u00e0 consommer dans le mois.<\/p>\n","protected":false},"excerpt":{"rendered":"<p>Sauce id\u00e9ale pour les desserts et les caf\u00e9s. sauce peu calorique<br \/>\n<strong>Ingr\u00e9dients : <\/strong><span class=\"Y2IQFc\" lang=\"fr\">Eau, amidon de ma\u00efs modifi\u00e9, CR\u00c8ME (CR\u00c8ME, stabilisant : E407), stabilisants : E401, E415, ar\u00f4me, sel. \u00e9dulcorants (E955, E950), colorant : E150d (contient des SULFITES) et conservateur : benzoate de sodium.<\/span><\/p>\n<p><strong>TYPE ET CARACT\u00c9RISTIQUES DU CONTENANT ET DE L&rsquo;EMBALLAGE<\/strong><\/p>\n<p>D\u00e9nomination : Bidon plastique 300<br \/>\n&#8211; Contenu net : 310 ml<br \/>\n&#8211; Dimensions du contenant : Hauteur : 155 mm Largeur : 53 mm Longueur 64 mm<br \/>\n&#8211; Mat\u00e9riau : R\u00e9cipient en PP transparent.<br \/>\n&#8211; Bouchon \u00e0 vis. Diam\u00e8tre du capuchon : 55 mm.<br \/>\nFermeture : feuille d&rsquo;induction.<br \/>\n3 canaux d&#8217;emballage en carton et film \u00e9tirable transparent.<\/p>\n<p><strong>CARACT\u00c9RISTIQUES<\/strong><\/p>\n<p>pH : moins de 4,4<\/p>\n","protected":false},"featured_media":1617,"template":"","meta":[],"_links":{"self":[{"href":"https:\/\/sauzero.com\/fr\/wp-json\/wp\/v2\/product\/1618"}],"collection":[{"href":"https:\/\/sauzero.com\/fr\/wp-json\/wp\/v2\/product"}],"about":[{"href":"https:\/\/sauzero.com\/fr\/wp-json\/wp\/v2\/types\/product"}],"wp:featuredmedia":[{"embeddable":true,"href":"https:\/\/sauzero.com\/fr\/wp-json\/wp\/v2\/media\/1617"}],"wp:attachment":[{"href":"https:\/\/sauzero.com\/fr\/wp-json\/wp\/v2\/media?parent=1618"}],"curies":[{"name":"wp","href":"https:\/\/api.w.org\/{rel}","templated":true}]}}