{"id":1608,"date":"2023-04-25T12:21:15","date_gmt":"2023-04-25T12:21:15","guid":{"rendered":"https:\/\/sauzero.com\/fr\/?post_type=product&#038;p=1608"},"modified":"2023-04-26T06:46:32","modified_gmt":"2023-04-26T06:46:32","slug":"piment-doux","status":"publish","type":"product","link":"https:\/\/sauzero.com\/fr\/product\/piment-doux\/","title":{"rendered":"Piment Doux"},"content":{"rendered":"<h2>Qu&rsquo;est-ce que le Piment Doux Sauzero ?<\/h2>\n<p><strong>Sauce <a href=\"https:\/\/sauzero.com\/fr\/#Products\">sauzero<\/a> au go\u00fbt Piment Doux<\/strong>\u00a0<strong>fait partie de la nouvelle gamme de sauces et de sirops Sauzero. <\/strong>Sauzero Sweet Chilli est une d\u00e9licieuse sauce faible en calories, avec une saveur et une texture d\u00e9licieuses sans sucre ajout\u00e9, et tr\u00e8s faible en calories<strong>.<\/strong><\/p>\n<p><strong>Sauzero au go\u00fbt Doux Chili <\/strong>est id\u00e9al pour accompagner les viandes et les l\u00e9gumes, et ajouter une touche \u00e9pic\u00e9e et sucr\u00e9e \u00e0 tous vos plats. Tous les ingr\u00e9dients utilis\u00e9s dans sa pr\u00e9paration sont de la plus haute qualit\u00e9. <strong>Sauzero Sweet Chilli convient aux v\u00e9g\u00e9taliens<\/strong>.<\/p>\n<p>Sauzero aide \u00e0 maintenir un mode de vie sain et vous permet de profiter de toute la saveur et de la texture conventionnelles des sauces.<\/p>\n<h2>Propri\u00e9t\u00e9s et caract\u00e9ristiques du Piment Doux sauce Sauzero :<\/h2>\n<p>La gamme de sauces <strong>Sauzero<\/strong> a \u00e9t\u00e9 cr\u00e9\u00e9e dans le but de vous offrir une grande gamme de sauces dans les <strong>saveurs les plus classiques et innovantes qui am\u00e9liorent la saveur de vos plats et recettes, sans abandonnez vos sauces pr\u00e9f\u00e9r\u00e9es. <\/strong>Sauzero Sweet Chilli vous permet de profiter de toute l&rsquo;essence de la saveur du piment doux en plus des \u00e9l\u00e9ments suivants<\/p>\n<ul>\n<li><strong>Faible en calories. <\/strong><\/li>\n<li>Moins de 5 kcal par portion.<\/li>\n<li>Faible teneur en sucre.<\/li>\n<li><strong>Faible teneur en mati\u00e8res grasses. <\/strong><\/li>\n<li>Convient aux v\u00e9g\u00e9taliens.<\/li>\n<\/ul>\n<h2>Comment utiliser le Sauzero ?<\/h2>\n<p>Ajoutez 1 portion de sauce (20 grammes) \u00e0 vos plats et recettes. <strong>Recommand\u00e9 en accompagnement de viandes et de l\u00e9gumes. <\/strong><\/p>\n<p><strong>Instructions de stockage : <\/strong>Conserver dans un endroit frais et sec. Une fois ouvert, \u00e0 conserver au r\u00e9frig\u00e9rateur et \u00e0 consommer dans le mois.<\/p>\n","protected":false},"excerpt":{"rendered":"<p>Sauce id\u00e9ale pour les viandes. sauce peu calorique<br \/>\n<strong>Ingr\u00e9dients : <\/strong> Eau, poivron rouge, vinaigre d&rsquo;alcool, carotte, compote de pomme (pomme, acidulant : acide ascorbique), amidon de ma\u00efs modifi\u00e9, sel, stabilisants : alginate de sodium, gomme xanthane, acidulant : acide citrique, extrait de cayenne, conservateurs : sorbate de potassium, benzoate de sodium et \u00e9dulcorant : sucralose.<\/p>\n<p><strong>TYPE ET CARACT\u00c9RISTIQUES DU CONTENANT ET DE L&rsquo;EMBALLAGE<\/strong><\/p>\n<p>D\u00e9nomination : Bidon plastique 300<br \/>\n&#8211; Contenu net : 310 ml<br \/>\n&#8211; Dimensions du contenant : Hauteur : 155 mm Largeur : 53 mm Longueur 64 mm<br \/>\n&#8211; Mat\u00e9riau : R\u00e9cipient en PP transparent.<br \/>\n&#8211; Bouchon \u00e0 vis. Diam\u00e8tre du capuchon : 55 mm.<br \/>\nFermeture : feuille d&rsquo;induction.<br \/>\n3 canaux d&#8217;emballage en carton et film \u00e9tirable transparent.<\/p>\n<p><strong>CARACT\u00c9RISTIQUES<\/strong><\/p>\n<p>pH : moins de 4,4<\/p>\n","protected":false},"featured_media":1609,"template":"","meta":[],"_links":{"self":[{"href":"https:\/\/sauzero.com\/fr\/wp-json\/wp\/v2\/product\/1608"}],"collection":[{"href":"https:\/\/sauzero.com\/fr\/wp-json\/wp\/v2\/product"}],"about":[{"href":"https:\/\/sauzero.com\/fr\/wp-json\/wp\/v2\/types\/product"}],"wp:featuredmedia":[{"embeddable":true,"href":"https:\/\/sauzero.com\/fr\/wp-json\/wp\/v2\/media\/1609"}],"wp:attachment":[{"href":"https:\/\/sauzero.com\/fr\/wp-json\/wp\/v2\/media?parent=1608"}],"curies":[{"name":"wp","href":"https:\/\/api.w.org\/{rel}","templated":true}]}}