{"id":1602,"date":"2023-03-31T12:32:40","date_gmt":"2023-03-31T12:32:40","guid":{"rendered":"https:\/\/sauzero.com\/fr\/?post_type=product&#038;p=1602"},"modified":"2023-03-31T12:37:27","modified_gmt":"2023-03-31T12:37:27","slug":"caramel-au-cafe","status":"publish","type":"product","link":"https:\/\/sauzero.com\/fr\/product\/caramel-au-cafe\/","title":{"rendered":"Caramel au caf\u00e9"},"content":{"rendered":"<h2>Qu&rsquo;est-ce que le caramel au caf\u00e9 Sauzero ?<\/h2>\n<p><strong><a href=\"https:\/\/sauzero.com\/#Products\">Sauzero<\/a> au go\u00fbt de caramel au caf\u00e9<\/strong> est un d\u00e9licieux sirop hypocalorique qui a <strong>une saveur de caramel et caf\u00e9<\/strong>, et des valeurs nutritionnelles imbattables. L&rsquo;objectif principal de Sauzero est de s&rsquo;adapter \u00e0 tout type de r\u00e9gime et \u00e0 une alimentation saine. Il a \u00e9t\u00e9 fabriqu\u00e9 avec des ingr\u00e9dients 100% naturels et sans sucres ajout\u00e9s.<\/p>\n<p>Le sirop <strong>Sauzero Coffee Toffee <\/strong> vous permet d&rsquo;ajouter une touche sucr\u00e9e \u00e0 vos desserts et recettes pr\u00e9f\u00e9r\u00e9s, en brisant la monotonie de l&rsquo;alimentation et en obtenant une alimentation saine. <strong>Sauzero Coffee Toffee est \u00e9galement recommand\u00e9 d&rsquo;\u00eatre inclus dans des boissons telles que toutes sortes de caf\u00e9s.<\/strong><\/p>\n<p><strong>Sauzero Coffee Toffee <\/strong> est une option imbattable pour tous ceux qui souhaitent am\u00e9liorer leurs habitudes et leur alimentation, sans renoncer \u00e0 leurs sucreries pr\u00e9f\u00e9r\u00e9es, quel que soit le r\u00e9gime qu&rsquo;ils doivent suivre ; soit un pour un athl\u00e8te d&rsquo;\u00e9lite ou juste une personne qui veut prendre soin de son alimentation.<\/p>\n<h2>Quels sont les avantages de Sauzero ?<\/h2>\n<p>Dans la gamme de sirops Sauzero, vous trouverez une grande vari\u00e9t\u00e9 d&rsquo;options sucr\u00e9es, dans les <strong>saveurs les plus classiques et les plus innovantes<\/strong>, \u00e0 faible teneur en sucre et en mati\u00e8res grasses, qui s&rsquo;adaptent parfaitement \u00e0 votre alimentation.<\/p>\n<ul>\n<li>D\u00e9licieuse saveur de caf\u00e9 en combinaison avec du caramel<\/li>\n<li><strong><strong>Faible apport calorique. Moins de 5 kcal par portion. <\/strong><\/strong><\/li>\n<li>Convient \u00e0 tous les types de r\u00e9gimes.<\/li>\n<li>Sans sucre ajout\u00e9.<\/li>\n<li>Faible teneur en mati\u00e8res grasses.<\/li>\n<\/ul>\n<h2>Comment prendre Sauzero Coffee Toffee ?<\/h2>\n<p>Ajoutez 1 portion de sirop (20 grammes) \u00e0 vos recettes pr\u00e9f\u00e9r\u00e9es.<\/p>\n<p><strong>Instructions de stockage : <\/strong> Conserver dans un endroit frais et sec. Une fois ouvert, \u00e0 conserver au r\u00e9frig\u00e9rateur et \u00e0 consommer dans le mois.<\/p>\n","protected":false},"excerpt":{"rendered":"<p>Sauce id\u00e9ale pour les desserts et les caf\u00e9s. sauce peu calorique<br \/>\n<strong>Ingr\u00e9dients :<\/strong> Tomate, eau, vinaigre d&rsquo;alcool, amidon de ma\u00efs modifi\u00e9, sel, stabilisants : gomme de guar, gomme de xanthane, \u00e9pices, oignon, ar\u00f4mes, colorant : caramel E150d (contient des SULFITES), conservateur : benzoate de sodium, \u00e9dulcorant : sucralose.<\/p>\n<p><strong>TYPE ET CARACT\u00c9RISTIQUES DU CONTENANT ET DE L&rsquo;EMBALLAGE<\/strong><\/p>\n<p>D\u00e9nomination : Bidon plastique 300<br \/>\n&#8211; Contenu net : 310 ml<br \/>\n&#8211; Dimensions du contenant : Hauteur : 155 mm Largeur : 53 mm Longueur 64 mm<br \/>\n&#8211; Mat\u00e9riau : R\u00e9cipient en PP transparent.<br \/>\n&#8211; Bouchon \u00e0 vis. Diam\u00e8tre du capuchon : 55 mm.<br \/>\nFermeture : feuille d&rsquo;induction.<br \/>\n3 canaux d&#8217;emballage en carton et film \u00e9tirable transparent.<\/p>\n<p><strong>CARACT\u00c9RISTIQUES<\/strong><\/p>\n<p>pH : moins de 4,4<\/p>\n","protected":false},"featured_media":1599,"template":"","meta":[],"_links":{"self":[{"href":"https:\/\/sauzero.com\/fr\/wp-json\/wp\/v2\/product\/1602"}],"collection":[{"href":"https:\/\/sauzero.com\/fr\/wp-json\/wp\/v2\/product"}],"about":[{"href":"https:\/\/sauzero.com\/fr\/wp-json\/wp\/v2\/types\/product"}],"wp:featuredmedia":[{"embeddable":true,"href":"https:\/\/sauzero.com\/fr\/wp-json\/wp\/v2\/media\/1599"}],"wp:attachment":[{"href":"https:\/\/sauzero.com\/fr\/wp-json\/wp\/v2\/media?parent=1602"}],"curies":[{"name":"wp","href":"https:\/\/api.w.org\/{rel}","templated":true}]}}