{"id":1595,"date":"2023-03-31T11:07:39","date_gmt":"2023-03-31T11:07:39","guid":{"rendered":"https:\/\/sauzero.com\/fr\/?post_type=product&#038;p=1595"},"modified":"2023-03-31T11:07:40","modified_gmt":"2023-03-31T11:07:40","slug":"cocktail","status":"publish","type":"product","link":"https:\/\/sauzero.com\/fr\/product\/cocktail\/","title":{"rendered":"Cocktail"},"content":{"rendered":"<h2>Qu&rsquo;est-ce que le cocktail saveur Sauzero ?<\/h2>\n<p><strong><a href=\"https:\/\/sauzero.com\/fr\/#Products\">Sauzero<\/a> en saveur Cocktail<\/strong> est une d\u00e9licieuse sauce hypocalorique qui pr\u00e9sente <strong>un type de saveur de sauce cocktail&lt; \/strong&gt;, et aussi, des valeurs nutritionnelles imbattables. L&rsquo;objectif principal de Sauzero est de s&rsquo;adapter \u00e0 tout type de r\u00e9gime et \u00e0 une alimentation saine. Il a \u00e9t\u00e9 fabriqu\u00e9 avec <strong>des ingr\u00e9dients 100 % naturels et sans sucres ajout\u00e9s.<\/strong><\/strong><\/p>\n<p>La sauce <strong>Sauzero Cocktail<\/strong> vous permet d&rsquo;ajouter une touche diff\u00e9rente \u00e0 vos plats et pr\u00e9parations, en brisant la monotonie de l&rsquo;alimentation et en obtenant une alimentation saine. <strong>Sauzero Cocktail<\/strong> est une option imbattable pour tous ceux qui souhaitent am\u00e9liorer leurs habitudes et leur alimentation, quel que soit le r\u00e9gime qu&rsquo;ils suivent ; soit un pour un athl\u00e8te d&rsquo;\u00e9lite ou une personne qui ne veut s&rsquo;occuper que de son alimentation.<\/p>\n<h2>Quels sont les avantages du cocktail Sauzero ?<\/h2>\n<p>Dans la gamme de sauces Sauzero, vous trouverez une grande vari\u00e9t\u00e9 d&rsquo;options, dans les <strong>saveurs les plus classiques et les plus innovantes<\/strong>, \u00e0 faible teneur en sucre et en mati\u00e8res grasses, qui s&rsquo;adaptent parfaitement \u00e0 votre alimentation.<\/p>\n<ul>\n<li>D\u00e9licieuse saveur de sauce cocktail.<\/li>\n<li><strong>Faible apport calorique. Moins de 5 kcal par portion. <\/strong><\/li>\n<li>Convient \u00e0 tous les types de r\u00e9gimes. Convient aux v\u00e9g\u00e9taliens.<\/li>\n<li>Sans sucre ajout\u00e9.<\/li>\n<li><strong>Sans gluten. Sans lactose.<\/strong><\/li>\n<li>Faible teneur en mati\u00e8res grasses.<\/li>\n<\/ul>\n<h2>Comment prendre Sauzero ?<\/h2>\n<p>Ajoutez 1 portion de la sauce (20 grammes) \u00e0 vos salades pr\u00e9f\u00e9r\u00e9es.<\/p>\n<p><strong>Instructions de stockage : <\/strong> Conserver dans un endroit frais et sec. Une fois ouvert, \u00e0 conserver au r\u00e9frig\u00e9rateur et \u00e0 consommer dans le mois.<\/p>\n","protected":false},"excerpt":{"rendered":"<p>Sauce id\u00e9ale pour les salades. sauce peu calorique<br \/>\n<strong>Ingr\u00e9dients :<\/strong> Eau, vinaigre d&rsquo;alcool, tomate, amidon de ma\u00efs modifi\u00e9, cornichons aigre-doux (cornichons, vinaigre de vin, sucre, \u00e9pices (poivre, oignon, aneth, MOUTARDE, poivre noir), sel, ar\u00f4mes ( contient des SULFITES)), sel, stabilisants (E401, E415), fibre de bambou, MOUTARDE (eau, graines de MOUTARDE, vinaigre d&rsquo;alcool, sel, \u00e9pices et ar\u00f4me naturel), \u00e9pices, ar\u00f4me, conservateur : sorbate de potassium et \u00e9dulcorant : sucralose.<br \/>\n<strong>TYPE ET CARACT\u00c9RISTIQUES DU CONTENANT ET DE L&rsquo;EMBALLAGE<\/strong><\/p>\n<p>D\u00e9nomination : Bidon plastique 300<br \/>\n&#8211; Contenu net : 310 ml<br \/>\n&#8211; Dimensions du conteneur : Hauteur : 155 mm Largeur : 53 mm Longueur 64 mm<br \/>\n&#8211; Mat\u00e9riau : R\u00e9cipient en PP transparent.<br \/>\n&#8211; Bouchon \u00e0 vis. Diam\u00e8tre du bouchon : 55 mm.<br \/>\nFermeture : feuille d&rsquo;induction.<br \/>\n3 canaux d&#8217;emballage en carton et film \u00e9tirable transparent.<\/p>\n<p><strong>CARACT\u00c9RISTIQUES<\/strong><\/p>\n<p>pH : moins de 4,4<\/p>\n","protected":false},"featured_media":1592,"template":"","meta":[],"_links":{"self":[{"href":"https:\/\/sauzero.com\/fr\/wp-json\/wp\/v2\/product\/1595"}],"collection":[{"href":"https:\/\/sauzero.com\/fr\/wp-json\/wp\/v2\/product"}],"about":[{"href":"https:\/\/sauzero.com\/fr\/wp-json\/wp\/v2\/types\/product"}],"wp:featuredmedia":[{"embeddable":true,"href":"https:\/\/sauzero.com\/fr\/wp-json\/wp\/v2\/media\/1592"}],"wp:attachment":[{"href":"https:\/\/sauzero.com\/fr\/wp-json\/wp\/v2\/media?parent=1595"}],"curies":[{"name":"wp","href":"https:\/\/api.w.org\/{rel}","templated":true}]}}