{"id":1585,"date":"2023-03-31T08:41:34","date_gmt":"2023-03-31T08:41:34","guid":{"rendered":"https:\/\/sauzero.com\/fr\/?post_type=product&#038;p=1585"},"modified":"2023-03-31T09:34:58","modified_gmt":"2023-03-31T09:34:58","slug":"barbecue-epice","status":"publish","type":"product","link":"https:\/\/sauzero.com\/fr\/product\/barbecue-epice\/","title":{"rendered":"Barbecue \u00e9pic\u00e9"},"content":{"rendered":"<h2>Qu&rsquo;est-ce que le barbecue \u00e9pic\u00e9 Sauzero ?<\/h2>\n<p><strong><a href=\"https:\/\/sauzero.com\/fr\/#Products\">Sauzero<\/a> au go\u00fbt de barbecue \u00e9pic\u00e9 <\/strong>est une d\u00e9licieuse sauce hypocalorique qui combine la saveur de la sauce traditionnelle barbecue, une <strong>touche \u00e9pic\u00e9e<\/strong> et d&rsquo;excellentes valeurs nutritionnelles. L&rsquo;objectif principal de Sauzero est de s&rsquo;adapter \u00e0 tout type de r\u00e9gime et \u00e0 une alimentation saine. <strong>Sauzero Spicy Barbecue<\/strong> a \u00e9t\u00e9 fabriqu\u00e9 avec des ingr\u00e9dients 100 % naturels et sans sucre ajout\u00e9. De plus, il<strong>ne contient pas de gluten<\/strong> ni de lactose.<\/p>\n<p>La sauce <strong>Sauzero Spicy Barbecue<\/strong> vous permet d&rsquo;ajouter une d\u00e9licieuse touche de barbecue \u00e9pic\u00e9 \u00e0 vos recettes pr\u00e9f\u00e9r\u00e9es, en brisant la monotonie de l&rsquo;alimentation et en obtenant une alimentation saine sans renoncer \u00e0 vos saveurs pr\u00e9f\u00e9r\u00e9es. Il est id\u00e9al pour accompagner toutes sortes de viandes et de l\u00e9gumes.<\/p>\n<p><strong>Sauzero Spicy Barbecue <\/strong> est une option imbattable pour tous ceux qui souhaitent am\u00e9liorer leurs habitudes et profiter de la saveur exquise du barbecue et des \u00e9pices. Sauzero convient \u00e0 tout type de r\u00e9gime, qu&rsquo;il soit con\u00e7u pour un athl\u00e8te d&rsquo;\u00e9lite ou que vous souhaitiez simplement prendre soin de votre alimentation.<\/p>\n<h2>Quels sont les avantages du Sauzero ?<\/h2>\n<p>Dans la gamme des sauces <strong>Sauzero<\/strong>, vous trouverez une grande vari\u00e9t\u00e9 d&rsquo;options, dans les saveurs les plus classiques et les plus innovantes, \u00e0 faible teneur en sucre et en graisse, qui s&rsquo;adaptent parfaitement \u00e0 votre alimentation.<\/p>\n<ul>\n<li>D\u00e9licieuse saveur de barbecue \u00e9pic\u00e9.<\/li>\n<li><strong>Faible en calories. Moins de 5 kcal par portion. <\/strong><\/li>\n<li>Convient \u00e0 tous les types de r\u00e9gimes.<\/li>\n<li>Sans sucre ajout\u00e9.<\/li>\n<li style=\"list-style-type: aucun;\"><\/li>\n<li><strong>Il ne contient pas de gluten. Sans lactose. <\/strong><\/li>\n<li>Faible teneur en mati\u00e8res grasses.<\/li>\n<\/ul>\n<h2>Comment prendre le barbecue \u00e9pic\u00e9 Sauzero ?<\/h2>\n<p>Ajoutez 1 portion de sauce (20 grammes) \u00e0 vos plats pr\u00e9f\u00e9r\u00e9s.<\/p>\n<p><strong>Instructions de stockage : <\/strong> Conserver dans un endroit frais et sec. Une fois ouvert, \u00e0 conserver au r\u00e9frig\u00e9rateur et \u00e0 consommer dans le mois.<\/p>\n","protected":false},"excerpt":{"rendered":"<p>Sauce id\u00e9ale pour les viandes. sauce peu calorique<br \/>\n<strong>Ingr\u00e9dients :<\/strong> Tomate, eau, vinaigre d&rsquo;alcool, amidon de ma\u00efs modifi\u00e9, sel, stabilisants : gomme de guar, gomme de xanthane, \u00e9pices, oignon, ar\u00f4mes, colorant : caramel E150d (contient des SULFITES), conservateur : benzoate de sodium, \u00e9dulcorant : sucralose.<\/p>\n<p><strong>TYPE ET CARACT\u00c9RISTIQUES DU CONTENANT ET DE L&rsquo;EMBALLAGE<\/strong><\/p>\n<p>D\u00e9nomination : Bidon plastique 300<br \/>\n&#8211; Contenu net : 310 ml<br \/>\n&#8211; Dimensions du contenant : Hauteur : 155 mm Largeur : 53 mm Longueur 64 mm<br \/>\n&#8211; Mat\u00e9riau : R\u00e9cipient en PP transparent.<br \/>\n&#8211; Bouchon \u00e0 vis. Diam\u00e8tre du capuchon : 55 mm.<br \/>\nFermeture : feuille d&rsquo;induction.<br \/>\n3 canaux d&#8217;emballage en carton et film \u00e9tirable transparent.<\/p>\n<p><strong>CARACT\u00c9RISTIQUES<\/strong><\/p>\n<p>pH : moins de 4,4<\/p>\n","protected":false},"featured_media":1583,"template":"","meta":[],"_links":{"self":[{"href":"https:\/\/sauzero.com\/fr\/wp-json\/wp\/v2\/product\/1585"}],"collection":[{"href":"https:\/\/sauzero.com\/fr\/wp-json\/wp\/v2\/product"}],"about":[{"href":"https:\/\/sauzero.com\/fr\/wp-json\/wp\/v2\/types\/product"}],"wp:featuredmedia":[{"embeddable":true,"href":"https:\/\/sauzero.com\/fr\/wp-json\/wp\/v2\/media\/1583"}],"wp:attachment":[{"href":"https:\/\/sauzero.com\/fr\/wp-json\/wp\/v2\/media?parent=1585"}],"curies":[{"name":"wp","href":"https:\/\/api.w.org\/{rel}","templated":true}]}}