{"id":1578,"date":"2023-03-31T07:27:15","date_gmt":"2023-03-31T07:27:15","guid":{"rendered":"https:\/\/sauzero.com\/fr\/?post_type=product&#038;p=1578"},"modified":"2023-03-31T08:33:32","modified_gmt":"2023-03-31T08:33:32","slug":"balsamique","status":"publish","type":"product","link":"https:\/\/sauzero.com\/fr\/product\/balsamique\/","title":{"rendered":"Balsamique"},"content":{"rendered":"<h2>Qu&rsquo;est-ce que la sauce Sauzero Balsamique ?<\/h2>\n<p><strong><a href=\"https:\/\/sauzero.com\/fr\/#Products\">Sauzero<\/a> Sauce balsamique<\/strong> saveur est une sauce hypocalorique au d\u00e9licieux go\u00fbt de vinaigre balsamique, id\u00e9ale pour accompagner toutes sortes de des plats tels que des salades et des bols sans ajouter de calories suppl\u00e9mentaires.<\/p>\n<p>La sauce <strong>Sauzero Balsamique<\/strong> vous permet d&rsquo;ajouter une touche diff\u00e9rente \u00e0 vos plats et recettes pr\u00e9f\u00e9r\u00e9s, en brisant la monotonie de l&rsquo;alimentation et en obtenant une alimentation saine. De plus, il est 100% v\u00e9g\u00e9talien et convient aux intol\u00e9rants au lactose.<\/p>\n<p>La gamme de sauces <strong>Sauzero<\/strong> a \u00e9t\u00e9 con\u00e7ue avec un objectif principal : cr\u00e9er une gamme de sauces et de sirops, dans les saveurs les plus classiques et les plus innovantes, \u00e0 faible teneur en sucre et en mati\u00e8res grasses. Ses ingr\u00e9dients ont \u00e9t\u00e9 rigoureusement s\u00e9lectionn\u00e9s, respectant les normes de qualit\u00e9 les plus \u00e9lev\u00e9es.<\/p>\n<p>Le <strong>Sauzero Balsamique<\/strong> est une option imbattable pour tous ceux qui souhaitent am\u00e9liorer leurs habitudes, qui recherchent une sauce hypocalorique, avec une texture et une saveur similaires aux sauces conventionnelles. Cette sauce convient \u00e0 tout type de r\u00e9gime, que ce soit pour un sportif de haut niveau ou que vous soigniez simplement votre alimentation par conviction personnelle.<\/p>\n<h2>Quels sont les bienfaits du Balsamique Sauzero ?<\/h2>\n<ul>\n<li><strong>Faible en calories. 4 kcal par portion. <\/strong><\/li>\n<li>Convient \u00e0 tous les types de r\u00e9gimes.<\/li>\n<li>Sans sucre ajout\u00e9.<\/li>\n<li><strong>Faible teneur en mati\u00e8res grasses.<\/strong><\/li>\n<li>Sans lactose.<\/li>\n<li>Sans gluten.<\/li>\n<li><strong>Convient aux v\u00e9g\u00e9taliens.<\/strong><\/li>\n<li>Non OGM<\/li>\n<\/ul>\n<h2>Comment prendre Sauzero Balsamique ?<\/h2>\n<p>Ajoutez 1 portion de sauce (20 grammes) \u00e0 vos plats pr\u00e9f\u00e9r\u00e9s. Profitez de sa saveur sans ajouter de calories suppl\u00e9mentaires.<\/p>\n<p><strong>Instructions de stockage : <\/strong> Conserver dans un endroit frais et sec. Une fois ouvert, \u00e0 conserver au r\u00e9frig\u00e9rateur et \u00e0 consommer dans le mois.<\/p>\n","protected":false},"excerpt":{"rendered":"<p>Sauce id\u00e9ale pour les salades. sauce peu calorique<\/p>\n<p><strong>Ingr\u00e9dients :<\/strong> Eau, vinaigre balsamique de Mod\u00e8ne 10 % (vinaigre de vin, mo\u00fbt de raisin concentr\u00e9, conservateur E-224) (contient des SULFITES), amidon de ma\u00efs modifi\u00e9, sirop de glucose et de fructose, stabilisants (E401, E415) , sel, conservateur : sorbato de potassium, colorant (E150d) (contient des SULFITES) et \u00e9dulcorant : sucralose.<\/p>\n<p><strong>TYPE ET CARACT\u00c9RISTIQUES DU CONTENANT ET DE L&rsquo;EMBALLAGE<\/strong><\/p>\n<p>D\u00e9nomination : Bidon plastique 300<br \/>\n&#8211; Contenu net : 310 ml<br \/>\n&#8211; Dimensions du conteneur : Hauteur : 155 mm Largeur : 53 mm Longueur 64 mm<br \/>\n&#8211; Mat\u00e9riau : R\u00e9cipient en PP transparent.<br \/>\n&#8211; Bouchon \u00e0 vis. Diam\u00e8tre du bouchon : 55 mm.<br \/>\nFermeture : feuille d&rsquo;induction.<br \/>\n3 canaux d&#8217;emballage en carton et film \u00e9tirable transparent.<\/p>\n<p><strong>CARACT\u00c9RISTIQUES<\/strong><\/p>\n<p>pH : moins de 4,4<\/p>\n","protected":false},"featured_media":1576,"template":"","meta":[],"_links":{"self":[{"href":"https:\/\/sauzero.com\/fr\/wp-json\/wp\/v2\/product\/1578"}],"collection":[{"href":"https:\/\/sauzero.com\/fr\/wp-json\/wp\/v2\/product"}],"about":[{"href":"https:\/\/sauzero.com\/fr\/wp-json\/wp\/v2\/types\/product"}],"wp:featuredmedia":[{"embeddable":true,"href":"https:\/\/sauzero.com\/fr\/wp-json\/wp\/v2\/media\/1576"}],"wp:attachment":[{"href":"https:\/\/sauzero.com\/fr\/wp-json\/wp\/v2\/media?parent=1578"}],"curies":[{"name":"wp","href":"https:\/\/api.w.org\/{rel}","templated":true}]}}