{"id":1570,"date":"2023-03-31T06:55:49","date_gmt":"2023-03-31T06:55:49","guid":{"rendered":"https:\/\/sauzero.com\/fr\/?post_type=product&#038;p=1570"},"modified":"2023-03-31T07:29:56","modified_gmt":"2023-03-31T07:29:56","slug":"barbecue-au-miel","status":"publish","type":"product","link":"https:\/\/sauzero.com\/fr\/product\/barbecue-au-miel\/","title":{"rendered":"Barbecue au miel"},"content":{"rendered":"<h2>Qu&rsquo;est-ce que le barbecue au miel Sauzero ?<\/h2>\n<p><strong><a href=\"https:\/\/sauzero.com\/fr\/#Products\">Sauzero<\/a> au go\u00fbt de barbecue <\/strong>est une sauce hypocalorique qui a la d\u00e9licieuse saveur de sauce traditionnelle <strong>sucr\u00e9e barbecue, avec une d\u00e9licieuse touche sucr\u00e9e. <\/strong>Sauzero Honey Barbecue est id\u00e9al pour accompagner toutes sortes de viandes et de l\u00e9gumes.<\/p>\n<p>La sauce barbecue au miel Sauzero vous permet d&rsquo;ajouter une touche diff\u00e9rente \u00e0 vos plats et recettes pr\u00e9f\u00e9r\u00e9s, en brisant la monotonie de l&rsquo;alimentation et en obtenant une alimentation saine. La gamme de sauces <strong>Sauzero<\/strong> a \u00e9t\u00e9 con\u00e7ue avec un objectif principal : cr\u00e9er une gamme de sauces et de sirops, dans les saveurs les plus classiques et les plus innovantes, \u00e0 faible teneur en sucre et en mati\u00e8res grasses.<\/p>\n<p>Les ingr\u00e9dients s\u00e9lectionn\u00e9s pour fabriquer le Sauzero ont \u00e9t\u00e9 rigoureusement s\u00e9lectionn\u00e9s, respectant les normes de qualit\u00e9 les plus \u00e9lev\u00e9es dans le but de vous offrir la meilleure sauce hypocalorique. <strong>Sauzero au miel saveur barbecue ne contient pas de gluten.<\/strong><\/p>\n<p><strong>Sauzero Honey Barbecue<\/strong> est une option id\u00e9ale pour tous ceux qui cherchent \u00e0 am\u00e9liorer leurs habitudes, profiter du go\u00fbt de la sauce barbecue sucr\u00e9e, avec une quantit\u00e9 r\u00e9duite de calories.<\/p>\n<h2>Quels sont les avantages du barbecue au miel Sauzero ?<\/h2>\n<ul>\n<li><strong>D\u00e9licieuse saveur de barbecue, avec une touche sucr\u00e9e exquise. <\/strong><\/li>\n<li><strong>Faible en calories. 5 calories par portion. <\/strong><\/li>\n<li>Convient \u00e0 tous les types de r\u00e9gimes.<\/li>\n<li>Sans sucre ajout\u00e9.<\/li>\n<li><strong>Faible teneur en mati\u00e8res grasses. 0,1 gramme par portion. <\/strong><\/li>\n<li>Sans gluten. Sans lactose.<\/li>\n<li>Non OGM<\/li>\n<\/ul>\n<h2>Comment prendre Sauzero ?<\/h2>\n<p>Ajoutez 1 portion de sauce (environ 20 grammes) \u00e0 vos plats pr\u00e9f\u00e9r\u00e9s. Profitez de sa saveur sans ajouter de calories suppl\u00e9mentaires.<\/p>\n<p><strong>Instructions de stockage : <\/strong> Conserver dans un endroit frais et sec. Une fois ouvert, \u00e0 conserver au r\u00e9frig\u00e9rateur et \u00e0 consommer dans le mois.<\/p>\n","protected":false},"excerpt":{"rendered":"<p>Sauce id\u00e9ale pour les viandes. sauce peu calorique<br \/>\n<strong>Ingr\u00e9dients :<\/strong> Tomate, eau, vinaigre d&rsquo;alcool, amidon de ma\u00efs modifi\u00e9, sel, stabilisants : gomme de guar, gomme de xanthane, \u00e9pices, oignon, ar\u00f4mes, colorant : caramel E150d (contient des SULFITES), conservateur : benzoate de sodium, \u00e9dulcorant : sucralose.<\/p>\n<p><strong>TYPE ET CARACT\u00c9RISTIQUES DU CONTENANT ET DE L&rsquo;EMBALLAGE<\/strong><\/p>\n<p>D\u00e9nomination : Bidon plastique 300<br \/>\n&#8211; Contenu net : 310 ml<br \/>\n&#8211; Dimensions du conteneur : Hauteur : 155 mm Largeur : 53 mm Longueur 64 mm<br \/>\n&#8211; Mat\u00e9riau : R\u00e9cipient en PP transparent.<br \/>\n&#8211; Bouchon \u00e0 vis. Diam\u00e8tre du bouchon : 55 mm.<br \/>\nFermeture : feuille d&rsquo;induction.<br \/>\n3 canaux d&#8217;emballage en carton et film \u00e9tirable transparent.<\/p>\n<p><strong>CARACT\u00c9RISTIQUES<\/strong><\/p>\n<p>pH : moins de 4,4<\/p>\n","protected":false},"featured_media":1555,"template":"","meta":[],"_links":{"self":[{"href":"https:\/\/sauzero.com\/fr\/wp-json\/wp\/v2\/product\/1570"}],"collection":[{"href":"https:\/\/sauzero.com\/fr\/wp-json\/wp\/v2\/product"}],"about":[{"href":"https:\/\/sauzero.com\/fr\/wp-json\/wp\/v2\/types\/product"}],"wp:featuredmedia":[{"embeddable":true,"href":"https:\/\/sauzero.com\/fr\/wp-json\/wp\/v2\/media\/1555"}],"wp:attachment":[{"href":"https:\/\/sauzero.com\/fr\/wp-json\/wp\/v2\/media?parent=1570"}],"curies":[{"name":"wp","href":"https:\/\/api.w.org\/{rel}","templated":true}]}}