{"id":1002,"date":"2020-09-23T10:21:34","date_gmt":"2020-09-23T10:21:34","guid":{"rendered":"https:\/\/sauzero.com\/?post_type=product&#038;p=1002"},"modified":"2023-03-31T11:31:27","modified_gmt":"2023-03-31T11:31:27","slug":"chocolat-blanc","status":"publish","type":"product","link":"https:\/\/sauzero.com\/fr\/product\/chocolat-blanc\/","title":{"rendered":"Chocolat Blanc"},"content":{"rendered":"<h2>Qu&rsquo;est-ce que le chocolat blanc saveur Sauzero ?<\/h2>\n<p><strong><a href=\"https:\/\/sauzero.com\/fr\/#Products\">Sauzero<\/a> au go\u00fbt de chocolat blanc<\/strong> saveur est un d\u00e9licieux sirop faible en calories qui a un go\u00fbt de chocolat blanc, mais avec des valeurs nutritionnelles am\u00e9lior\u00e9es. L&rsquo;objectif principal de Sauzero est de s&rsquo;adapter \u00e0 tout type de r\u00e9gime et \u00e0 une alimentation saine. Il a \u00e9t\u00e9 fabriqu\u00e9 avec des ingr\u00e9dients 100 % naturels et sans sucre ajout\u00e9.<\/p>\n<p>Le sirop <strong>Sauzero Chocolat Blanc<\/strong> vous permet d&rsquo;ajouter une touche sucr\u00e9e \u00e0 vos desserts et recettes pr\u00e9f\u00e9r\u00e9s, en brisant la monotonie de l&rsquo;alimentation et en obtenant une alimentation saine. Il est id\u00e9al pour les amateurs de chocolat blanc. Le <strong>Sauzero Blanc<\/strong> est id\u00e9al en accompagnement de <strong>desserts et de recettes sucr\u00e9es,<\/strong>comme<strong>des cr\u00eapes, des gaufres<\/strong>ou encore pour donner une touche diff\u00e9rente \u00e0 vos smoothies. p&gt;<\/p>\n<p><strong>Sauzero White Chocolate<\/strong> est une option imbattable pour tous ceux qui souhaitent am\u00e9liorer leurs habitudes et profiter des sucreries.<\/p>\n<h2>Quels sont les avantages du chocolat blanc Sauzero ?<\/h2>\n<p>Dans la gamme de sirops Sauzero, vous trouverez une grande vari\u00e9t\u00e9 d&rsquo;options sucr\u00e9es, dans les saveurs les plus classiques et les plus innovantes, \u00e0 faible teneur en sucre et en mati\u00e8res grasses, qui s&rsquo;adaptent parfaitement \u00e0 votre alimentation.<\/p>\n<ul>\n<li>Saveur d\u00e9licieuse de chocolat blanc.<\/li>\n<li><strong><strong>Faible en calories. Moins de 5 kcal par portion. <\/strong><\/strong><\/li>\n<li>Convient \u00e0 tous les types de r\u00e9gimes.<\/li>\n<li>Sans sucre ajout\u00e9.<\/li>\n<li>Faible teneur en mati\u00e8res grasses.<\/li>\n<\/ul>\n<h2>Comment prendre Sauzero?<\/h2>\n<p>Ajoutez 1 portion de sirop (20 grammes) \u00e0 vos plats pr\u00e9f\u00e9r\u00e9s.<\/p>\n<p><strong>Instructions de stockage : <\/strong>Conserver dans un endroit frais et sec. Une fois ouvert, \u00e0 conserver au r\u00e9frig\u00e9rateur et \u00e0 consommer dans le mois.<\/p>\n","protected":false},"excerpt":{"rendered":"<p>Sauce id\u00e9ale pour les desserts. sauce peu calorique<br \/>\n<strong>Ingr\u00e9dients :<\/strong> Eau, \u00e9dulcorants (\u00e9rythritol, maltitol, sucralose), amidon de ma\u00efs modifi\u00e9, stabilisants (E401, E415), ar\u00f4mes (contient LAIT), colorant (E160), sel, acidifiant (acide lactique) et conservateur : benzoate de sodium.<br \/>\n<strong>TYPE ET CARACT\u00c9RISTIQUES DU CONTENANT ET DE L&rsquo;EMBALLAGE<\/strong><\/p>\n<p>D\u00e9nomination : Bidon plastique 300<br \/>\n&#8211; Contenu net : 310 ml<br \/>\n&#8211; Dimensions du conteneur : Hauteur : 155 mm Largeur : 53 mm Longueur 64 mm<br \/>\n&#8211; Mat\u00e9riau : R\u00e9cipient en PP transparent.<br \/>\n&#8211; Bouchon \u00e0 vis. Diam\u00e8tre du bouchon : 55 mm.<br \/>\nFermeture : feuille d&rsquo;induction.<br \/>\n3 canaux d&#8217;emballage en carton et film \u00e9tirable transparent.<\/p>\n<p><strong>CARACT\u00c9RISTIQUES<\/strong><\/p>\n<p>pH : moins de 4,4<\/p>\n","protected":false},"featured_media":1499,"template":"","meta":[],"_links":{"self":[{"href":"https:\/\/sauzero.com\/fr\/wp-json\/wp\/v2\/product\/1002"}],"collection":[{"href":"https:\/\/sauzero.com\/fr\/wp-json\/wp\/v2\/product"}],"about":[{"href":"https:\/\/sauzero.com\/fr\/wp-json\/wp\/v2\/types\/product"}],"wp:featuredmedia":[{"embeddable":true,"href":"https:\/\/sauzero.com\/fr\/wp-json\/wp\/v2\/media\/1499"}],"wp:attachment":[{"href":"https:\/\/sauzero.com\/fr\/wp-json\/wp\/v2\/media?parent=1002"}],"curies":[{"name":"wp","href":"https:\/\/api.w.org\/{rel}","templated":true}]}}