{"id":1688,"date":"2024-03-15T09:25:55","date_gmt":"2024-03-15T09:25:55","guid":{"rendered":"https:\/\/sauzero.com\/fr\/?page_id=1688"},"modified":"2024-03-15T09:25:55","modified_gmt":"2024-03-15T09:25:55","slug":"condition-dutilisation","status":"publish","type":"page","link":"https:\/\/sauzero.com\/fr\/condition-dutilisation\/","title":{"rendered":"Condition d&rsquo;utilisation"},"content":{"rendered":"<h2>Introduction<\/h2>\n<p>Le pr\u00e9sent document vise \u00e0 \u00e9tablir les conditions d&rsquo;utilisation du site, ainsi que les conditions d&rsquo;achat de produits via celui-ci par les utilisateurs.<\/p>\n<p>Nous vous prions de lire attentivement les pr\u00e9sentes CONDITIONS G\u00c9N\u00c9RALES ainsi que la POLITIQUE DE CONFIDENTIALIT\u00c9 avant d&rsquo;utiliser ce site web. Si vous le souhaitez, vous pouvez imprimer ces conditions.<\/p>\n<p>En utilisant ce site web ou en passant une commande via celui-ci, l&rsquo;utilisateur accepte nos CONDITIONS G\u00c9N\u00c9RALES ainsi que notre POLITIQUE DE CONFIDENTIALIT\u00c9, donc, en cas de d\u00e9saccord, il ne doit pas utiliser le site.<\/p>\n<h2>Informations g\u00e9n\u00e9rales<\/h2>\n<p>Conform\u00e9ment \u00e0 l&rsquo;obligation d&rsquo;information pr\u00e9vue \u00e0 l&rsquo;article 10 de la Loi 34\/2002 du 11 juillet, sur les Services de la Soci\u00e9t\u00e9 de l&rsquo;Information et du Commerce \u00c9lectronique, nous vous informons que la propri\u00e9t\u00e9 du site appartient \u00e0 INDIEX SPORT NUTRITION SPAIN S.L, avec le CIFB85998193, et l&rsquo;adresse \u00e0 CALLE SEGURA 43, MEJORADA DEL CAMPO (28840), MADRID, avec l&rsquo;adresse e-mail att.clientes@indiex.es et le t\u00e9l\u00e9phone +34644526451.<\/p>\n<h2>Utilisation du site<\/h2>\n<p>En utilisant ce site web et en passant des commandes via celui-ci, l&rsquo;utilisateur s&rsquo;engage \u00e0 respecter les points suivants :<\/p>\n<ul>\n<li>Utiliser le site web uniquement dans le but de consulter des produits et de passer des commandes.<\/li>\n<li>Ne pas passer de commandes frauduleuses ou fausses. Si un soup\u00e7on raisonnable existe concernant une commande frauduleuse, INDIEX SPORT NUTRITION SPAIN S.L est autoris\u00e9 \u00e0 l&rsquo;annuler et \u00e0 informer les autorit\u00e9s comp\u00e9tentes.<\/li>\n<li>Avoir la capacit\u00e9 l\u00e9gale de conclure des contrats (l&rsquo;utilisateur d\u00e9clare \u00eatre \u00e2g\u00e9 de plus de 18 ans).<\/li>\n<li>Fournir des informations de contact pr\u00e9cises afin de faciliter l&rsquo;envoi des commandes.<\/li>\n<\/ul>\n<h2>Protection des donn\u00e9es personnelles<\/h2>\n<p>INDIEX SPORT NUTRITION SPAIN S.L informe les utilisateurs de ce site web de sa politique concernant le traitement et la protection des donn\u00e9es personnelles qui peuvent \u00eatre collect\u00e9es lors de la navigation ou de la souscription de services via la politique de confidentialit\u00e9. Vous pouvez acc\u00e9der \u00e0 la politique de confidentialit\u00e9 depuis le site web \u00e0 tout moment.<\/p>\n<h2>Responsabilit\u00e9s<\/h2>\n<p>L&rsquo;acc\u00e8s et l&rsquo;utilisation de ce site web sont de la responsabilit\u00e9 des utilisateurs. Il n&rsquo;est pas garanti par INDIEX SPORT NUTRITION SPAIN S.L.<\/p>\n<ul>\n<li>L&rsquo;infaillibilit\u00e9, la disponibilit\u00e9, la continuit\u00e9, l&rsquo;absence de d\u00e9fauts de s\u00e9curit\u00e9 du site web<\/li>\n<li>Que le contenu du site web ou les informations qui y passent soient exempts de virus ou d&rsquo;autres \u00e9l\u00e9ments nuisibles, ainsi que d&rsquo;erreurs, d&rsquo;omissions ou d&rsquo;inexactitudes.<\/li>\n<li>Les \u00e9ventuels dommages ou pr\u00e9judices pouvant d\u00e9couler d&rsquo;interf\u00e9rences, d&rsquo;omissions, d&rsquo;interruptions, de virus informatiques, de pannes ou de d\u00e9connexions dans le fonctionnement op\u00e9rationnel du site web.<\/li>\n<li>Retards ou blocages dans l&rsquo;utilisation de ce site web dus \u00e0 des d\u00e9fauts ou des surcharges du centre de traitement des donn\u00e9es, ni des dommages qui pourraient \u00eatre caus\u00e9s par des tiers par des intrusions ill\u00e9gitimes qui sont hors du contr\u00f4le de INDIEX SPORT NUTRITION SPAIN S.L<\/li>\n<li>INDIEX SPORT NUTRITION SPAIN S.L est exon\u00e9r\u00e9 de toute responsabilit\u00e9 pour tout dommage ou pr\u00e9judice que l&rsquo;utilisateur pourrait subir en raison d&rsquo;erreurs, de d\u00e9fauts ou d&rsquo;omissions dans les informations fournies, pour autant qu&rsquo;elles proviennent d&rsquo;autres sources externes.<\/li>\n<\/ul>\n<p>La simple consultation du site web n&rsquo;implique pas l&rsquo;\u00e9tablissement d&rsquo;une relation commerciale entre INDIEX SPORT NUTRITION SPAIN S.L et l&rsquo;utilisateur.<\/p>\n<h3>Transfert de droits et obligations<\/h3>\n<p>Le contrat lie \u00e0 la fois le client et INDIEX SPORT NUTRITION SPAIN S.L, ainsi que nos successeurs respectifs, cessionnaires et ayants droit.&nbsp;<\/p>\n<p>Le client ne peut pas transmettre, c\u00e9der, grever d&rsquo;une autre mani\u00e8re transf\u00e9rer un contrat ou l&rsquo;un des droits ou obligations qui en d\u00e9coulent, sans avoir obtenu le consentement pr\u00e9alable et \u00e9crit de INDIEX SPORT NUTRITION SPAIN S.L. Nous pouvons transf\u00e9rer, c\u00e9der, grever, sous-traiter ou transf\u00e9rer de toute autre mani\u00e8re un contrat ou l&rsquo;un des droits ou obligations qui en d\u00e9coulent, \u00e0 tout moment pendant sa validit\u00e9. Pour \u00e9viter tout doute, de tels transferts, cessions, charges ou autres transferts n&rsquo;affecteront pas les droits que vous, en tant que consommateur, avez reconnus par la loi, ni n&rsquo;annuleront, ne r\u00e9duiront ou ne limiteront de quelque mani\u00e8re que ce soit les garanties, qu&rsquo;elles soient expresses ou implicites, que nous aurions pu vous accorder.<\/p>\n<h2>Informations et contenu du site web<\/h2>\n<p>Les informations affich\u00e9es sur le site web sont \u00e0 jour \u00e0 la date de la derni\u00e8re mise \u00e0 jour. INDIEX SPORT NUTRITION SPAIN S.L se r\u00e9serve le droit de mettre \u00e0 jour\/modifier\/supprimer des informations de ce site web \u00e0 tout moment et sans pr\u00e9avis.<\/p>\n<p>Dans le cas o\u00f9 le site web contient des liens vers d&rsquo;autres sites web et des mat\u00e9riaux de tiers, ces liens sont fournis \u00e0 des fins informatives uniquement, sans que INDIEX SPORT NUTRITION SPAIN S.L n&rsquo;ait aucun contr\u00f4le sur le contenu de ces sites web ou mat\u00e9riaux. Par cons\u00e9quent, nous n&rsquo;acceptons aucune responsabilit\u00e9 pour tout dommage ou perte r\u00e9sultant de leur utilisation.<\/p>\n<p>INDIEX SPORT NUTRITION SPAIN S.L se r\u00e9serve le droit de modifier les Conditions G\u00e9n\u00e9rales d&rsquo;Achat. Les modifications apport\u00e9es n&rsquo;auront pas d&rsquo;effet r\u00e9troactif. Si vous n&rsquo;\u00eates pas d&rsquo;accord avec les modifications apport\u00e9es, nous vous recommandons de ne pas utiliser notre site web.<\/p>\n<h2>Virus, piratage et autres attaques informatiques<\/h2>\n<p>L&rsquo;utilisateur ne doit pas faire un usage abusif de ce site web en y introduisant intentionnellement des virus, des chevaux de Troie, des vers, des bombes logiques ou tout autre programme ou mat\u00e9riel technologiquement nuisible ou dommageable.<\/p>\n<p>L&rsquo;utilisateur ne tentera pas d&rsquo;acc\u00e9der ill\u00e9galement \u00e0 ce site web, au serveur sur lequel il est h\u00e9berg\u00e9 ou \u00e0 tout serveur, ordinateur ou base de donn\u00e9es li\u00e9 \u00e0 notre site web.<\/p>\n<p>L&rsquo;utilisateur s&rsquo;engage \u00e0 ne pas attaquer ce site web.<\/p>\n<p>Le non-respect de cette clause pourrait entra\u00eener la commission d&rsquo;infractions pr\u00e9vues par la r\u00e9glementation applicable.<\/p>\n<p>Nous informerons les autorit\u00e9s comp\u00e9tentes de tout manquement \u00e0 ladite r\u00e9glementation et coop\u00e9rerons avec elles pour d\u00e9couvrir l&rsquo;identit\u00e9 de l&rsquo;attaquant. De m\u00eame, en cas de non-respect de la pr\u00e9sente clause, l&rsquo;utilisateur cessera imm\u00e9diatement d&rsquo;\u00eatre autoris\u00e9 \u00e0 utiliser ce site web. Nous ne serons pas responsables de tout dommage ou perte r\u00e9sultant d&rsquo;une attaque par d\u00e9ni de service, d&rsquo;un virus ou de tout autre programme ou mat\u00e9riel technologiquement nuisible ou dommageable pouvant affecter votre ordinateur, \u00e9quipement informatique, donn\u00e9es ou mat\u00e9riel suite \u00e0 l&rsquo;utilisation de ce site web ou au t\u00e9l\u00e9chargement de son contenu ou de ceux vers lesquels il redirige.<\/p>\n<p>Nous ne serons pas responsables de tout dommage ou perte r\u00e9sultant d&rsquo;une attaque par d\u00e9ni de service, d&rsquo;un virus ou de tout autre programme ou mat\u00e9riel technologiquement nuisible ou dommageable pouvant affecter votre ordinateur, \u00e9quipement informatique, donn\u00e9es ou mat\u00e9riel suite \u00e0 l&rsquo;utilisation de ce site web ou au t\u00e9l\u00e9chargement de son contenu ou de ceux vers lesquels il redirige.<\/p>\n<h2>Propri\u00e9t\u00e9 intellectuelle et droits d&rsquo;auteur<\/h2>\n<p>L&rsquo;utilisation de ce site web et des contrats d&rsquo;achat de produits via celui-ci sera r\u00e9gie par la l\u00e9gislation espagnole. Tout litige d\u00e9coulant de l&rsquo;utilisation du site web ou de ces contrats sera soumis \u00e0 la juridiction non exclusive des tribunaux espagnols.<\/p>\n<p>Vous pouvez adresser toute plainte ou r\u00e9clamation \u00e0 INDIEX SPORT NUTRITION SPAIN S.L par e-mail \u00e0 rrhh@indiex.es ou par courrier postal \u00e0 l&rsquo;adresse CALLE SEGURA 43, MEJORADA DEL CAMPO (28840), MADRID.<\/p>\n","protected":false},"excerpt":{"rendered":"<p>Introduction Le pr\u00e9sent document vise \u00e0 \u00e9tablir les conditions d&rsquo;utilisation du site, ainsi que les&#8230;<\/p>\n","protected":false},"author":1,"featured_media":0,"parent":0,"menu_order":0,"comment_status":"closed","ping_status":"closed","template":"","meta":[],"_links":{"self":[{"href":"https:\/\/sauzero.com\/fr\/wp-json\/wp\/v2\/pages\/1688"}],"collection":[{"href":"https:\/\/sauzero.com\/fr\/wp-json\/wp\/v2\/pages"}],"about":[{"href":"https:\/\/sauzero.com\/fr\/wp-json\/wp\/v2\/types\/page"}],"author":[{"embeddable":true,"href":"https:\/\/sauzero.com\/fr\/wp-json\/wp\/v2\/users\/1"}],"replies":[{"embeddable":true,"href":"https:\/\/sauzero.com\/fr\/wp-json\/wp\/v2\/comments?post=1688"}],"version-history":[{"count":1,"href":"https:\/\/sauzero.com\/fr\/wp-json\/wp\/v2\/pages\/1688\/revisions"}],"predecessor-version":[{"id":1689,"href":"https:\/\/sauzero.com\/fr\/wp-json\/wp\/v2\/pages\/1688\/revisions\/1689"}],"wp:attachment":[{"href":"https:\/\/sauzero.com\/fr\/wp-json\/wp\/v2\/media?parent=1688"}],"curies":[{"name":"wp","href":"https:\/\/api.w.org\/{rel}","templated":true}]}}