{"id":1672,"date":"2024-03-13T09:08:38","date_gmt":"2024-03-13T09:08:38","guid":{"rendered":"https:\/\/sauzero.com\/fr\/?page_id=1672"},"modified":"2024-03-13T09:08:38","modified_gmt":"2024-03-13T09:08:38","slug":"politique-de-cookies","status":"publish","type":"page","link":"https:\/\/sauzero.com\/fr\/politique-de-cookies\/","title":{"rendered":"Politique de cookies"},"content":{"rendered":"<h3>Qu&rsquo;est-ce que les cookies?<\/h3>\n<p>En anglais, le terme \u00ab\u00a0cookie\u00a0\u00bb signifie biscuit, mais dans le contexte de la navigation sur le web, un \u00ab\u00a0cookie\u00a0\u00bb est quelque chose de compl\u00e8tement diff\u00e9rent.<\/p>\n<p>Lorsque vous acc\u00e9dez \u00e0 notre site web, une petite quantit\u00e9 de texte appel\u00e9e \u00ab\u00a0cookie\u00a0\u00bb est stock\u00e9e dans le navigateur de votre appareil. Ce texte contient diverses informations sur votre navigation, vos habitudes, vos pr\u00e9f\u00e9rences, vos personnalisations de contenu, etc&#8230;<\/p>\n<p>Il existe d&rsquo;autres technologies qui fonctionnent de mani\u00e8re similaire et qui sont \u00e9galement utilis\u00e9es pour collecter des donn\u00e9es sur votre activit\u00e9 de navigation. Nous les d\u00e9signerons collectivement sous le terme de \u00ab\u00a0cookies\u00a0\u00bb.<\/p>\n<p>Les utilisations sp\u00e9cifiques que nous faisons de ces technologies sont d\u00e9crites dans ce document.<\/p>\n<h3>\u00c0 quoi servent les cookies sur ce site web?<\/h3>\n<p>Les cookies sont une partie essentielle du fonctionnement de notre site web. Le but principal de nos cookies est d&rsquo;am\u00e9liorer votre exp\u00e9rience de navigation. Par exemple, se souvenir de vos pr\u00e9f\u00e9rences (langue, pays, etc.) pendant la navigation et lors de vos prochaines visites. Les informations collect\u00e9es dans les cookies nous permettent \u00e9galement d&rsquo;am\u00e9liorer le site web, de l&rsquo;adapter \u00e0 vos int\u00e9r\u00eats en tant qu&rsquo;utilisateur, d&rsquo;acc\u00e9l\u00e9rer les recherches que vous effectuez, etc&#8230;<\/p>\n<p>Dans certains cas, si nous avons obtenu votre consentement pr\u00e9alable et \u00e9clair\u00e9, nous pouvons utiliser des cookies \u00e0 d&rsquo;autres fins, telles que l&rsquo;obtention d&rsquo;informations nous permettant de vous montrer des publicit\u00e9s bas\u00e9es sur l&rsquo;analyse de vos habitudes de navigation.<\/p>\n<h3>\u00c0 quoi les cookies NE sont-ils PAS utilis\u00e9s sur ce site web?<\/h3>\n<p>Les cookies que nous utilisons ne stockent pas d&rsquo;informations personnelles sensibles d&rsquo;identification telles que votre nom, votre adresse, votre mot de passe, etc&#8230;<\/p>\n<h3>Qui utilise les informations stock\u00e9es dans les cookies?<\/h3>\n<p>Les informations stock\u00e9es dans les cookies sur notre site web sont utilis\u00e9es exclusivement par nous, \u00e0 l&rsquo;exception de celles identifi\u00e9es ci-dessous comme des &lsquo;cookies tiers&rsquo;, qui sont utilis\u00e9es et g\u00e9r\u00e9es par des entit\u00e9s externes qui fournissent des services qui am\u00e9liorent l&rsquo;exp\u00e9rience utilisateur. Par exemple, les statistiques collect\u00e9es sur le nombre de visites, le contenu le plus appr\u00e9ci\u00e9, etc&#8230; sont g\u00e9n\u00e9ralement g\u00e9r\u00e9es par GOOGLE ANALYTICS.<\/p>\n<p>Les cookies tiers sont \u00e9galement couramment utilis\u00e9s pour garantir les op\u00e9rations de paiement effectu\u00e9es sur le site web.<\/p>\n<h3>Comment puis-je \u00e9viter l&rsquo;utilisation de cookies sur ce site web?<\/h3>\n<p>Si vous pr\u00e9f\u00e9rez \u00e9viter l&rsquo;utilisation de cookies, vous pouvez REFUSER leur utilisation ou vous pouvez CONFIGURER ceux que vous souhaitez \u00e9viter et ceux que vous autorisez \u00e0 utiliser (dans ce document, nous fournissons des informations d\u00e9taill\u00e9es sur chaque type de cookie, son but, son destinataire, sa dur\u00e9e, etc&#8230;).<\/p>\n<p>Si vous les avez accept\u00e9s, nous ne vous les demanderons plus \u00e0 moins que vous ne supprimiez les cookies sur votre appareil comme indiqu\u00e9 dans la section suivante.<\/p>\n<p>Si vous souhaitez r\u00e9voquer votre consentement, vous devrez supprimer les cookies et les reconfigurer.<\/p>\n<h3>Comment d\u00e9sactiver et supprimer l&rsquo;utilisation des cookies?<\/h3>\n<p>Pour restreindre, bloquer ou supprimer les cookies de ce site web (et ceux utilis\u00e9s par des tiers), vous pouvez le faire \u00e0 tout moment en modifiant les param\u00e8tres de votre navigateur. Gardez \u00e0 l&rsquo;esprit que ce param\u00e8tre est diff\u00e9rent dans chaque navigateur, bien qu&rsquo;il soit courant de trouver les param\u00e8tres de cookies dans le menu &lsquo;Pr\u00e9f\u00e9rences&rsquo; &lsquo;Outils&rsquo; &lsquo;Options&rsquo; puis dans &lsquo;Confidentialit\u00e9 et S\u00e9curit\u00e9&rsquo; ou dans &lsquo;Effacer les donn\u00e9es de navigation&rsquo;, etc&#8230;<br \/>Pour des informations plus d\u00e9taill\u00e9es sur les param\u00e8tres de cookies dans chaque navigateur, vous pouvez consulter le menu &lsquo;Aide&rsquo; du navigateur lui-m\u00eame.<\/p>\n<h3>Quels types de cookies sont utilis\u00e9s sur ce site web?<\/h3>\n<p>Chaque site web utilise ses propres cookies.<\/p>\n<h2>Classification des cookies<\/h2>\n<p><strong>Cookies propri\u00e9taires:&nbsp;<\/strong>sont ceux envoy\u00e9s \u00e0 l&rsquo;\u00e9quipement terminal de l&rsquo;utilisateur depuis un ordinateur ou un domaine g\u00e9r\u00e9 par l&rsquo;\u00e9diteur lui-m\u00eame et \u00e0 partir duquel le service demand\u00e9 par l&rsquo;utilisateur est fourni.<\/p>\n<p><strong>Cookies tiers:&nbsp;<\/strong>sont ceux envoy\u00e9s \u00e0 l&rsquo;\u00e9quipement terminal de l&rsquo;utilisateur depuis un ordinateur ou un domaine qui n&rsquo;est pas g\u00e9r\u00e9 par l&rsquo;\u00e9diteur, mais par une autre entit\u00e9 qui traite les donn\u00e9es obtenues via les cookies.<br \/>Dans le cas o\u00f9 les cookies sont servis depuis un ordinateur ou un domaine g\u00e9r\u00e9 par l&rsquo;\u00e9diteur lui-m\u00eame, mais les informations collect\u00e9es \u00e0 travers eux sont g\u00e9r\u00e9es par un tiers, ils ne peuvent pas \u00eatre consid\u00e9r\u00e9s comme des cookies propri\u00e9taires si le tiers les utilise \u00e0 ses propres fins (par exemple, am\u00e9liorer les services qu&rsquo;il fournit ou fournir des services publicitaires pour le compte d&rsquo;autres entit\u00e9s).<\/p>\n<p><strong>Cookies techniques:&nbsp;<\/strong>sont n\u00e9cessaires \u00e0 la navigation et au bon fonctionnement de notre site web, tels que le contr\u00f4le du trafic et de la communication de donn\u00e9es, l&rsquo;identification de la session, l&rsquo;acc\u00e8s \u00e0 des parties \u00e0 acc\u00e8s restreint, la m\u00e9morisation des \u00e9l\u00e9ments constitutifs d&rsquo;une commande, l&rsquo;ex\u00e9cution du processus d&rsquo;achat d&rsquo;une commande, la gestion du paiement, le contr\u00f4le de la fraude li\u00e9e \u00e0 la s\u00e9curit\u00e9 du service, la r\u00e9alisation de demandes d&rsquo;inscription ou de participation \u00e0 un \u00e9v\u00e9nement, le comptage des visites \u00e0 des fins de facturation des licences du logiciel utilis\u00e9 par le service (site web, plateforme ou application), l&rsquo;utilisation d&rsquo;\u00e9l\u00e9ments de s\u00e9curit\u00e9 pendant la navigation, le stockage de contenus pour la diffusion de vid\u00e9os ou de sons, l&rsquo;activation de contenus dynamiques (par exemple, chargement d&rsquo;animation d&rsquo;un texte ou d&rsquo;une image) ou le partage de contenus via des r\u00e9seaux sociaux.<br \/><strong>Cookies d&rsquo;analyse:&nbsp;<\/strong>permettent de quantifier le nombre d&rsquo;utilisateurs et donc de r\u00e9aliser la mesure et l&rsquo;analyse statistique de l&rsquo;utilisation faite par les utilisateurs du service offert. Pour cela, leur navigation sur notre site web est analys\u00e9e afin d&rsquo;am\u00e9liorer l&rsquo;offre de produits ou de services que nous leur proposons.<br \/><strong>Cookies de pr\u00e9f\u00e9rence ou de personnalisation:&nbsp;<\/strong>sont ceux qui permettent de m\u00e9moriser des informations afin que l&rsquo;utilisateur puisse acc\u00e9der au service avec certaines caract\u00e9ristiques qui peuvent diff\u00e9rencier son exp\u00e9rience de celle des autres utilisateurs, comme, par exemple, la langue, le nombre de r\u00e9sultats \u00e0 afficher lorsque l&rsquo;utilisateur effectue une recherche, l&rsquo;aspect ou le contenu du service en fonction du type de navigateur \u00e0 travers lequel l&rsquo;utilisateur acc\u00e8de au service ou de la r\u00e9gion \u00e0 partir de laquelle il acc\u00e8de au service, etc&#8230;<br \/><strong>Publicit\u00e9 comportementale:&nbsp;<\/strong>sont ceux qui, trait\u00e9s par nous ou par des tiers, nous permettent d&rsquo;analyser vos habitudes de navigation sur Internet afin que nous puissions vous montrer une publicit\u00e9 li\u00e9e \u00e0 votre profil de navigation.<\/p>\n<p><strong>Cookies de session:&nbsp;<\/strong>sont con\u00e7us pour collecter et stocker des donn\u00e9es pendant que l&rsquo;utilisateur acc\u00e8de \u00e0 un site web.<br \/>Ils sont g\u00e9n\u00e9ralement utilis\u00e9s pour stocker des informations qui ne sont int\u00e9ressantes \u00e0 conserver que pour la fourniture du service demand\u00e9 par l&rsquo;utilisateur en une seule occasion (par exemple, une liste de produits achet\u00e9s) et disparaissent lorsque la session se termine<\/p>\n<p><strong>Cookies persistants:&nbsp;<\/strong>sont ceux dans lesquels les donn\u00e9es sont toujours stock\u00e9es sur le terminal et peuvent \u00eatre consult\u00e9es et trait\u00e9es pendant une p\u00e9riode d\u00e9finie par le responsable du cookie, pouvant aller de quelques minutes \u00e0 plusieurs ann\u00e9es. \u00c0 cet \u00e9gard, il doit \u00eatre sp\u00e9cifiquement \u00e9valu\u00e9 si l&rsquo;utilisation de cookies persistants est n\u00e9cessaire, car les risques pour la vie priv\u00e9e pourraient \u00eatre r\u00e9duits en utilisant des cookies de session. En tout \u00e9tat de cause, lorsque des cookies persistants sont install\u00e9s, il est recommand\u00e9 de minimiser leur dur\u00e9e temporelle n\u00e9cessaire en fonction de l&rsquo;objectif de leur utilisation. \u00c0 cette fin, l&rsquo;Avis 4\/2012 du GT29 a indiqu\u00e9 que pour qu&rsquo;un cookie puisse \u00eatre exempt\u00e9 de l&rsquo;obligation de consentement \u00e9clair\u00e9, son expiration doit \u00eatre li\u00e9e \u00e0 son objet. Par cons\u00e9quent, les cookies de session sont beaucoup plus susceptibles d&rsquo;\u00eatre consid\u00e9r\u00e9s comme exempt\u00e9s que les cookies persistants.<\/p>\n<table>\n<thead>\n<tr>\n<th>Nom du cookie<\/th>\n<th>Origine<\/th>\n<th>Type<\/th>\n<th>Dur\u00e9e<\/th>\n<th>Description<\/th>\n<\/tr>\n<\/thead>\n<tbody>\n<tr>\n<td>AEC<\/td>\n<td>google.es<\/td>\n<td>Cookie n\u00e9cessaire<\/td>\n<td>6 mois<\/td>\n<td>Cookie n\u00e9cessaire \u00e0 l&rsquo;utilisation des options et services du site web<\/td>\n<\/tr>\n<tr>\n<td>NID<\/td>\n<td>google.es<\/td>\n<td>Cookies de statistiques<\/td>\n<td>6 mois<\/td>\n<td>Ces cookies sont utilis\u00e9s pour collecter des statistiques sur le site web et suivre les taux de conversion des publicit\u00e9s Google et la personnalisation<\/td>\n<\/tr>\n<tr>\n<td>SOCS<\/td>\n<td>google.es<\/td>\n<td>Cookies de statistiques<\/td>\n<td>15 mois<\/td>\n<td>Ce cookie est utilis\u00e9 comme identifiant pour suivre les vues vid\u00e9o<\/td>\n<\/tr>\n<\/tbody>\n<\/table>\n","protected":false},"excerpt":{"rendered":"<p>Qu&rsquo;est-ce que les cookies? En anglais, le terme \u00ab\u00a0cookie\u00a0\u00bb signifie biscuit, mais dans le contexte&#8230;<\/p>\n","protected":false},"author":1,"featured_media":0,"parent":0,"menu_order":0,"comment_status":"closed","ping_status":"closed","template":"","meta":[],"_links":{"self":[{"href":"https:\/\/sauzero.com\/fr\/wp-json\/wp\/v2\/pages\/1672"}],"collection":[{"href":"https:\/\/sauzero.com\/fr\/wp-json\/wp\/v2\/pages"}],"about":[{"href":"https:\/\/sauzero.com\/fr\/wp-json\/wp\/v2\/types\/page"}],"author":[{"embeddable":true,"href":"https:\/\/sauzero.com\/fr\/wp-json\/wp\/v2\/users\/1"}],"replies":[{"embeddable":true,"href":"https:\/\/sauzero.com\/fr\/wp-json\/wp\/v2\/comments?post=1672"}],"version-history":[{"count":1,"href":"https:\/\/sauzero.com\/fr\/wp-json\/wp\/v2\/pages\/1672\/revisions"}],"predecessor-version":[{"id":1673,"href":"https:\/\/sauzero.com\/fr\/wp-json\/wp\/v2\/pages\/1672\/revisions\/1673"}],"wp:attachment":[{"href":"https:\/\/sauzero.com\/fr\/wp-json\/wp\/v2\/media?parent=1672"}],"curies":[{"name":"wp","href":"https:\/\/api.w.org\/{rel}","templated":true}]}}