{"id":1132,"date":"2019-01-03T12:06:33","date_gmt":"2019-01-03T12:06:33","guid":{"rendered":"https:\/\/sauzero.com\/privacy-policy\/"},"modified":"2024-03-22T10:40:12","modified_gmt":"2024-03-22T10:40:12","slug":"politique-de-confidentialite","status":"publish","type":"page","link":"https:\/\/sauzero.com\/fr\/politique-de-confidentialite\/","title":{"rendered":"Politique de confidentialit\u00e9"},"content":{"rendered":"<p>INDIEX SPORT NUTRITION SPAIN S.L, avec CIF B85998193, domicili\u00e9e \u00e0 CALLE SEGURA 43, MEJORADA DEL CAMPO (28840), MADRID et avec l&rsquo;adresse e-mail rrhh@indiex.es et le t\u00e9l\u00e9phone 646574474. Inscription au Registre du Commerce avec Tome 27.934 &#8211; Livre 0 &#8211; Feuille 56 &#8211; Section 8 &#8211; Feuille: M-503496 &#8211; Inscription 1<\/p>\n<h2>Responsable de la protection des donn\u00e9es<\/h2>\n<p>Le titulaire est responsable des donn\u00e9es personnelles collect\u00e9es par la navigation et l&rsquo;utilisation de ce site Web conform\u00e9ment aux exigences \u00e9tablies par le R\u00c8GLEMENT (UE) 2016\/679 relatif \u00e0 la protection des donn\u00e9es des personnes physiques ainsi qu&rsquo;\u00e0 la Loi 34\/2002 du 11 juillet sur les Services de la Soci\u00e9t\u00e9 de l&rsquo;Information et du Commerce \u00c9lectronique (LSSI-CE). En utilisant ce site Web, nous supposons que vous avez lu et compris les informations expos\u00e9es concernant le traitement de vos donn\u00e9es personnelles.<\/p>\n<h2>Politique de protection des donn\u00e9es<\/h2>\n<p>Le responsable applique le principe de responsabilit\u00e9 active dans le traitement des donn\u00e9es personnelles, en maintenant une mise \u00e0 jour constante et en promouvant l&rsquo;am\u00e9lioration continue du syst\u00e8me de protection des donn\u00e9es conform\u00e9ment aux exigences l\u00e9gales, garantissant en tout \u00e9tat de cause :<\/p>\n<ul>\n<li>le respect des libert\u00e9s et des droits fondamentaux des personnes physiques<\/li>\n<li>que les donn\u00e9es sont trait\u00e9es de mani\u00e8re licite, \u00e9quitable et transparente<\/li>\n<li>que les donn\u00e9es trait\u00e9es sont exactes, appropri\u00e9es, pertinentes et limit\u00e9es par rapport aux finalit\u00e9s pour lesquelles elles sont collect\u00e9es<\/li>\n<li>que les finalit\u00e9s pour lesquelles elles sont collect\u00e9es sont explicites et l\u00e9gitimes et qu&rsquo;elles ne sont pas trait\u00e9es de mani\u00e8re incompatible avec ces finalit\u00e9s<\/li>\n<\/ul>\n<p>La finalit\u00e9 de ce document est d&rsquo;informer les utilisateurs sur ce que nous faisons avec leurs donn\u00e9es personnelles, comment elles sont collect\u00e9es, dans quel but elles sont utilis\u00e9es, les droits qui leur sont accord\u00e9s ainsi que toutes les informations l\u00e9gales n\u00e9cessaires \u00e9tablies par la r\u00e9glementation en vigueur.<\/p>\n<h2>Donn\u00e9es collect\u00e9es, finalit\u00e9 et lic\u00e9it\u00e9<\/h2>\n<p>Les donn\u00e9es personnelles trait\u00e9es sont celles fournies par les utilisateurs via les formulaires disponibles sur ce site Web et sont le minimum requis pour :<\/p>\n<ul>\n<li>leur envoyer des informations sur nos produits \/ services<\/li>\n<li>r\u00e9pondre aux demandes<\/li>\n<li>traiter les commandes, ainsi que pour \u00e9tablir les factures correspondantes, informer sur l&rsquo;\u00e9tat des commandes, r\u00e9pondre aux r\u00e9clamations et toute autre gestion d\u00e9coulant de la prestation du service r\u00e9alis\u00e9 via ce site Web.<\/li>\n<\/ul>\n<p>Ces finalit\u00e9s sont bas\u00e9es sur des principes l\u00e9gaux de traitement des donn\u00e9es collect\u00e9es par la r\u00e9glementation en vigueur : pour l&rsquo;ex\u00e9cution d&rsquo;un contrat ou la fourniture d&rsquo;un service aux utilisateurs, pour le respect des obligations l\u00e9gales, pour l&rsquo;int\u00e9r\u00eat l\u00e9gitime et avec le consentement des utilisateurs.<\/p>\n<h2>Formulaires Web<\/h2>\n<p>Les donn\u00e9es personnelles collect\u00e9es via le formulaire de contact sur le site Web sont utilis\u00e9es pour r\u00e9pondre \u00e0 toute demande que l&rsquo;utilisateur soumet via ce formulaire. Les donn\u00e9es personnelles collect\u00e9es dans le formulaire de commande sont utilis\u00e9es pour traiter les donn\u00e9es n\u00e9cessaires \u00e0 la gestion correcte des commandes. Le traitement des donn\u00e9es est l\u00e9gitim\u00e9 par le consentement que vous nous donnez en acceptant express\u00e9ment les conditions de traitement inform\u00e9es par cette politique de confidentialit\u00e9.<\/p>\n<h2>Destinataires des donn\u00e9es<\/h2>\n<p>Les donn\u00e9es personnelles obtenues via les formulaires Web sont enregistr\u00e9es et conserv\u00e9es sur des supports \u00e9lectroniques contr\u00f4l\u00e9s et supervis\u00e9s par le responsable du traitement. Vos donn\u00e9es personnelles ne seront pas communiqu\u00e9es \u00e0 des tiers, sauf si cette communication de donn\u00e9es est couverte par une obligation l\u00e9gale ou si elle est n\u00e9cessaire pour la bonne fourniture du service ou l&rsquo;ex\u00e9cution du contrat, par exemple pour effectuer le paiement (passerelles de paiement) ou g\u00e9rer les livraisons des produits (transporteurs), cette cession \u00e9tant couverte par les besoins du service. En cas de paiement par d&rsquo;autres passerelles de paiement, nous recommandons \u00e0 l&rsquo;utilisateur de lire la politique de confidentialit\u00e9 pour comprendre comment les informations personnelles sont g\u00e9r\u00e9es. Dans les cas o\u00f9 la communication de donn\u00e9es \u00e0 des tiers n&rsquo;est pas couverte par les bases l\u00e9gales \u00e9tablies dans la section pr\u00e9c\u00e9dente, la communication de donn\u00e9es \u00e0 d&rsquo;autres destinataires ne sera effectu\u00e9e que si l&rsquo;utilisateur a donn\u00e9 son consentement explicite. Des crit\u00e8res stricts de s\u00e9lection des responsables de traitement sont maintenus, ainsi qu&rsquo;un engagement contractuel avec chacun d&rsquo;eux pour respecter et faire respecter les obligations \u00e9tablies en mati\u00e8re de protection des donn\u00e9es. En cas de transferts internationaux de donn\u00e9es, INDIEX SPORT NUTRITION SPAIN S.L garantira que le transfert de vos donn\u00e9es personnelles est effectu\u00e9 conform\u00e9ment aux lois sur la confidentialit\u00e9 applicables et, en particulier, que les mesures contractuelles, techniques et organisationnelles n\u00e9cessaires sont appliqu\u00e9es, telles que les clauses contractuelles types approuv\u00e9es par la Commission europ\u00e9enne. Vous pouvez obtenir plus d&rsquo;informations sur le traitement des donn\u00e9es personnelles de notre organisation en envoyant un e-mail \u00e0 : rgpd@lifepro.es.<\/p>\n<h2>Mesures techniques et organisationnelles de protection des donn\u00e9es<\/h2>\n<p>Les supports disposent des mesures techniques et organisationnelles n\u00e9cessaires garantissant la confidentialit\u00e9 et la conservation des donn\u00e9es personnelles obtenues via le site Web. Les donn\u00e9es personnelles collect\u00e9es sur le site Web sont trait\u00e9es par protocole HTML avec un certificat SSL valide. Le personnel impliqu\u00e9 dans les op\u00e9rations de traitement des donn\u00e9es : acc\u00e8s, \u00e9dition, suppression, etc., est form\u00e9 et engag\u00e9 envers cette politique de protection des donn\u00e9es.<\/p>\n<h2>Conservation des donn\u00e9es<\/h2>\n<p>Les donn\u00e9es personnelles obtenues via le formulaire de contact seront conserv\u00e9es pendant le temps n\u00e9cessaire pour r\u00e9pondre \u00e0 la demande\/consultation soumise. Les donn\u00e9es personnelles obtenues via le formulaire de commande seront conserv\u00e9es aussi longtemps qu&rsquo;il existe une relation contractuelle et\/ou commerciale avec vous, ou tant que vous n&rsquo;exercez pas votre droit de suppression, d&rsquo;annulation et\/ou de limitation du traitement de vos donn\u00e9es. Une fois la relation contractuelle termin\u00e9e, les informations seront bloqu\u00e9es conform\u00e9ment, sans \u00eatre utilis\u00e9es, tant qu&rsquo;elles peuvent \u00eatre n\u00e9cessaires pour l&rsquo;exercice ou la d\u00e9fense de r\u00e9clamations ou pour r\u00e9pondre \u00e0 toute responsabilit\u00e9 judiciaire, l\u00e9gale ou contractuelle d\u00e9coulant de leur traitement, pour laquelle leur r\u00e9cup\u00e9ration est n\u00e9cessaire. Si vous avez express\u00e9ment accept\u00e9 de recevoir des informations commerciales, nous conserverons vos coordonn\u00e9es jusqu&rsquo;\u00e0 ce que vous nous informiez de votre d\u00e9cision d&rsquo;annuler ces envois commerciaux.<\/p>\n<h2>Informations sur l&rsquo;existence de d\u00e9cisions automatis\u00e9es (y compris l&rsquo;\u00e9laboration de profils)<\/h2>\n<p>Nous n&rsquo;adoptons g\u00e9n\u00e9ralement pas de d\u00e9cisions automatiques, mais lorsque nous le faisons, nous pr\u00e9cisons clairement que ce type de d\u00e9cision est pris. Cependant, INDIEX SPORT NUTRITION SPAIN S.L, avec le CIF B85998193, recueille plusieurs sections d\u00e9di\u00e9es \u00e0 la personnalisation des services afin de pr\u00e9senter une publicit\u00e9 personnalis\u00e9e lors de la visite de son site Web et \u00e9galement pour l&rsquo;envoi de communications personnalis\u00e9es. INDIEX SPORT NUTRITION SPAIN S.L, avec le CIF B85998193 reconna\u00eet la possibilit\u00e9 de r\u00e9aliser des profils pour am\u00e9liorer son offre de produits ou personnaliser l&rsquo;envoi d&rsquo;offres commerciales ou offrir un service plus personnalis\u00e9 au client.<\/p>\n<h2>Opposition au traitement des donn\u00e9es \u00e0 des fins publicitaires<\/h2>\n<p>Il est possible que nous modifiions les informations contenues dans cette Politique de confidentialit\u00e9 et de cookies lorsque nous le jugerons n\u00e9cessaire. Dans ce cas, nous vous informerons par diff\u00e9rents moyens via la Plateforme (par exemple, via une banni\u00e8re, une fen\u00eatre contextuelle ou une notification push), ou nous vous en informerons m\u00eame \u00e0 votre adresse e-mail lorsque le changement en question sera significatif pour votre vie priv\u00e9e, afin que vous puissiez examiner les changements, les \u00e9valuer et, le cas \u00e9ch\u00e9ant, vous opposer ou vous d\u00e9sinscrire d&rsquo;un service ou d&rsquo;une fonctionnalit\u00e9. Dans tous les cas, nous vous sugg\u00e9rons de consulter cette Politique de confidentialit\u00e9 et de cookies de temps \u00e0 autre au cas o\u00f9 il y aurait des changements mineurs ou des am\u00e9liorations interactives.<\/p>\n<h2 style=\"text-align: center;\">MENTIONS L\u00c9GALES<\/h2>\n<h2>Propri\u00e9t\u00e9 intellectuelle et industrielle<\/h2>\n<p>La conception du portail et ses codes sources, ainsi que les logos, marques et autres signes distinctifs qui y apparaissent, appartiennent \u00e0 (INDIEX SPORT NUTRITION SPAIN S.L) et sont prot\u00e9g\u00e9s par les droits de propri\u00e9t\u00e9 intellectuelle et industrielle correspondants.<\/p>\n<h2>Responsabilit\u00e9 des contenus<\/h2>\n<p>INDIEX SPORT NUTRITION SPAIN S.L, avec le CIF B85998193 n&rsquo;est pas responsable de la l\u00e9galit\u00e9 d&rsquo;autres sites Web tiers auxquels il est possible d&rsquo;acc\u00e9der depuis le portail. Il n&rsquo;est pas non plus responsable de la l\u00e9galit\u00e9 d&rsquo;autres sites Web tiers, qui pourraient \u00eatre li\u00e9s ou associ\u00e9s \u00e0 partir de ce portail. INDIEX SPORT NUTRITION SPAIN S.L, avec le CIF B85998193 ne sera pas responsable de l&rsquo;utilisation que des tiers font des informations publi\u00e9es sur le portail, ni des dommages ou pertes \u00e9conomiques, mat\u00e9rielles ou de donn\u00e9es, directs ou indirects, caus\u00e9s par l&rsquo;utilisation de ces informations.<\/p>\n<h2>Reproduction de contenus<\/h2>\n<p>INDIEX SPORT NUTRITION SPAIN S.L, avec le CIF B85998193 se r\u00e9serve le droit d&rsquo;engager des actions civiles ou p\u00e9nales qu&rsquo;elle juge n\u00e9cessaires pour l&rsquo;utilisation abusive du site Web et de son contenu, ou pour non-respect des pr\u00e9sentes conditions. La relation entre l&rsquo;utilisateur et INDIEX SPORT NUTRITION SPAIN S.L, avec le CIF B85998193 sera r\u00e9gie par la l\u00e9gislation en vigueur et applicable sur le territoire national. En cas de litige concernant l&rsquo;interpr\u00e9tation et\/ou l&rsquo;application de ces conditions, les parties soumettront les conflits \u00e0 la juridiction ordinaire, se soumettant aux juges et tribunaux comp\u00e9tents conform\u00e9ment \u00e0 la loi. Nous vous informons \u00e9galement que vous disposez d&rsquo;un m\u00e9canisme de r\u00e8glement extrajudiciaire des litiges gratuit et accessible \u00e0 tous les citoyens, il s&rsquo;agit de la plateforme de r\u00e8glement des litiges en ligne de l&rsquo;Union europ\u00e9enne, accessible via le lien suivant: <a href=\"https:\/\/ec.europa.eu\/consumers\/odr\/main\/?event=main.home2.show\">https:\/\/ec.europa.eu\/consumers\/odr\/main\/?event=main.home2.show<\/a><\/p>\n<h2>Cookies<\/h2>\n<p>Dans le cas o\u00f9 nous utilisons la technologie \u00ab\u00a0cookie\u00a0\u00bb sur le site Web, une section sp\u00e9cifique vous informe de leur existence ainsi que de leur politique d&rsquo;utilisation. Veuillez consulter la section \u00ab\u00a0politique de cookies\u00a0\u00bb. Sinon, aucun cookie de navigation n&rsquo;est utilis\u00e9.<\/p>\n<h2>Donn\u00e9es personnelles des mineurs<\/h2>\n<p>Ce site Web n&rsquo;est pas destin\u00e9 aux utilisateurs mineurs. Si vous \u00eates mineur, veuillez ne pas essayer de vous inscrire en tant qu&rsquo;utilisateur. Si nous d\u00e9couvrons par erreur que nous avons obtenu des informations personnelles d&rsquo;un mineur, nous supprimerons ces informations d\u00e8s que possible.<\/p>\n<h2>Exercice des droits de protection des donn\u00e9es<\/h2>\n<p>Conform\u00e9ment aux droits conf\u00e9r\u00e9s par la r\u00e9glementation en vigueur en mati\u00e8re de protection des donn\u00e9es personnelles, l&rsquo;utilisateur peut exercer les droits d&rsquo;acc\u00e8s, de rectification, de limitation du traitement, d&rsquo;effacement, de portabilit\u00e9 et d&rsquo;opposition au traitement de ses donn\u00e9es en adressant sa demande \u00e0 l&rsquo;adresse postale indiqu\u00e9e ou \u00e0 l&rsquo;adresse e-mail rgpd@lifepro.es<\/p>\n<h2>Pour exercer ces droits, vous devez vous identifier en pr\u00e9sentant votre carte d&rsquo;identit\u00e9<\/h2>\n<p>Pour toute r\u00e9clamation, vous pouvez envoyer un e-mail \u00e0 l&rsquo;adresse <a href=\"mailto:rgpd@lifepro.es\">rgpd@lifepro.es<\/a>. Vous pouvez \u00e9galement vous adresser \u00e0 l&rsquo;Agence espagnole de protection des donn\u00e9es: <a href=\"https:\/\/www.aepd.es\">https:\/\/www.aepd.es<\/a><\/p>\n","protected":false},"excerpt":{"rendered":"<p>INDIEX SPORT NUTRITION SPAIN S.L, avec CIF B85998193, domicili\u00e9e \u00e0 CALLE SEGURA 43, MEJORADA DEL&#8230;<\/p>\n","protected":false},"author":1,"featured_media":0,"parent":0,"menu_order":0,"comment_status":"closed","ping_status":"open","template":"","meta":[],"_links":{"self":[{"href":"https:\/\/sauzero.com\/fr\/wp-json\/wp\/v2\/pages\/1132"}],"collection":[{"href":"https:\/\/sauzero.com\/fr\/wp-json\/wp\/v2\/pages"}],"about":[{"href":"https:\/\/sauzero.com\/fr\/wp-json\/wp\/v2\/types\/page"}],"author":[{"embeddable":true,"href":"https:\/\/sauzero.com\/fr\/wp-json\/wp\/v2\/users\/1"}],"replies":[{"embeddable":true,"href":"https:\/\/sauzero.com\/fr\/wp-json\/wp\/v2\/comments?post=1132"}],"version-history":[{"count":4,"href":"https:\/\/sauzero.com\/fr\/wp-json\/wp\/v2\/pages\/1132\/revisions"}],"predecessor-version":[{"id":1712,"href":"https:\/\/sauzero.com\/fr\/wp-json\/wp\/v2\/pages\/1132\/revisions\/1712"}],"wp:attachment":[{"href":"https:\/\/sauzero.com\/fr\/wp-json\/wp\/v2\/media?parent=1132"}],"curies":[{"name":"wp","href":"https:\/\/api.w.org\/{rel}","templated":true}]}}